{"id":7151,"date":"2024-04-01T00:39:18","date_gmt":"2024-03-31T22:39:18","guid":{"rendered":"http:\/\/millalprofessional.com\/?post_type=product&#038;p=7151"},"modified":"2025-08-30T01:14:52","modified_gmt":"2025-08-29T23:14:52","slug":"pack-accessoires","status":"publish","type":"product","link":"https:\/\/millalprofessional.com\/ar\/product\/pack-accessoires\/","title":{"rendered":"Pack accessoires"},"content":{"rendered":"","protected":false},"excerpt":{"rendered":"<p data-sourcepos=\"5:1-5:21\"><strong>Compl\u00e9tez votre kit de lissage avec nos accessoires professionnels<\/strong><\/p>\n<p data-sourcepos=\"5:1-5:21\"><strong>Ce pack contient :<\/strong><\/p>\n<ul data-sourcepos=\"7:1-12:0\">\n<li data-sourcepos=\"7:1-7:50\">Une brosse pour lisser et dompter les frisottis.<\/li>\n<li data-sourcepos=\"8:1-8:34\">Un bol pour m\u00e9langer le produit.<\/li>\n<li data-sourcepos=\"9:1-9:43\">Un pinceau pour une application uniforme.<\/li>\n<li data-sourcepos=\"10:1-10:48\">Un peigne en carbone pour d\u00e9m\u00ealer sans casser.<\/li>\n<li data-sourcepos=\"11:1-12:0\">Des pinces pour maintenir les cheveux en section<\/li>\n<\/ul>\n<h2 data-sourcepos=\"1:1-1:91\">L&#8217;alli\u00e9 indispensable pour un lissage parfait<\/h2>","protected":false},"featured_media":9179,"comment_status":"open","ping_status":"closed","template":"","meta":{"_acf_changed":false,"iawp_total_views":48},"type_de_traitement":[],"product_brand":[],"product_cat":[157],"product_tag":[],"class_list":{"0":"post-7151","1":"product","2":"type-product","3":"status-publish","4":"has-post-thumbnail","6":"product_cat-nos-accessoires","8":"first","9":"instock","10":"taxable","11":"shipping-taxable","12":"purchasable","13":"product-type-simple"},"acf":[],"yoast_head":"<!-- This site is optimized with the Yoast SEO plugin v27.1.1 - https:\/\/yoast.com\/product\/yoast-seo-wordpress\/ -->\n<title>Pack accessoires - Milla L.<\/title>\n<meta name=\"robots\" content=\"index, follow, max-snippet:-1, max-image-preview:large, max-video-preview:-1\" \/>\n<link rel=\"canonical\" href=\"https:\/\/millalprofessional.com\/ar\/product\/pack-accessoires\/\" \/>\n<meta property=\"og:locale\" content=\"ar_AR\" \/>\n<meta property=\"og:type\" content=\"article\" \/>\n<meta property=\"og:title\" content=\"Pack accessoires - Milla L.\" \/>\n<meta property=\"og:description\" content=\"Compl\u00e9tez votre kit de lissage avec nos accessoires professionnels Ce pack contient :    Une brosse pour lisser et dompter les frisottis.  Un bol pour m\u00e9langer le produit.  Un pinceau pour une application uniforme.  Un peigne en carbone pour d\u00e9m\u00ealer sans casser.  Des pinces pour maintenir les cheveux en section  L&#039;alli\u00e9 indispensable pour un lissage parfait\" \/>\n<meta property=\"og:url\" content=\"https:\/\/millalprofessional.com\/ar\/product\/pack-accessoires\/\" \/>\n<meta property=\"og:site_name\" content=\"Milla L.\" \/>\n<meta property=\"article:modified_time\" content=\"2025-08-29T23:14:52+00:00\" \/>\n<meta property=\"og:image\" content=\"https:\/\/millalprofessional.com\/wp-content\/uploads\/2024\/04\/Pack-accessoires.jpg\" \/>\n\t<meta property=\"og:image:width\" content=\"1200\" \/>\n\t<meta property=\"og:image:height\" content=\"630\" \/>\n\t<meta property=\"og:image:type\" content=\"image\/jpeg\" \/>\n<meta name=\"twitter:card\" content=\"summary_large_image\" \/>\n<meta name=\"twitter:title\" content=\"Pack accessoires - Milla L.\" \/>\n<meta name=\"twitter:image\" content=\"https:\/\/millalprofessional.com\/wp-content\/uploads\/2024\/04\/Pack-accessoires.jpg\" \/>\n<meta name=\"twitter:label1\" content=\"Est. reading time\" \/>\n\t<meta name=\"twitter:data1\" content=\"1 minute\" \/>\n<script type=\"application\/ld+json\" class=\"yoast-schema-graph\">{\"@context\":\"https:\/\/schema.org\",\"@graph\":[{\"@type\":\"WebPage\",\"@id\":\"https:\/\/millalprofessional.com\/produit\/pack-accessoires\/\",\"url\":\"https:\/\/millalprofessional.com\/produit\/pack-accessoires\/\",\"name\":\"Pack accessoires - Milla L.\",\"isPartOf\":{\"@id\":\"https:\/\/millalprofessional.com\/#website\"},\"primaryImageOfPage\":{\"@id\":\"https:\/\/millalprofessional.com\/produit\/pack-accessoires\/#primaryimage\"},\"image\":{\"@id\":\"https:\/\/millalprofessional.com\/produit\/pack-accessoires\/#primaryimage\"},\"thumbnailUrl\":\"https:\/\/millalprofessional.com\/wp-content\/uploads\/2024\/04\/Pack-accessoires.jpg\",\"datePublished\":\"2024-03-31T22:39:18+00:00\",\"dateModified\":\"2025-08-29T23:14:52+00:00\",\"breadcrumb\":{\"@id\":\"https:\/\/millalprofessional.com\/produit\/pack-accessoires\/#breadcrumb\"},\"inLanguage\":\"ary\",\"potentialAction\":[{\"@type\":\"ReadAction\",\"target\":[\"https:\/\/millalprofessional.com\/produit\/pack-accessoires\/\"]}]},{\"@type\":\"ImageObject\",\"inLanguage\":\"ary\",\"@id\":\"https:\/\/millalprofessional.com\/produit\/pack-accessoires\/#primaryimage\",\"url\":\"https:\/\/millalprofessional.com\/wp-content\/uploads\/2024\/04\/Pack-accessoires.jpg\",\"contentUrl\":\"https:\/\/millalprofessional.com\/wp-content\/uploads\/2024\/04\/Pack-accessoires.jpg\",\"width\":1200,\"height\":630,\"caption\":\"Pack accessoires - kit de lissage\"},{\"@type\":\"BreadcrumbList\",\"@id\":\"https:\/\/millalprofessional.com\/produit\/pack-accessoires\/#breadcrumb\",\"itemListElement\":[{\"@type\":\"ListItem\",\"position\":1,\"name\":\"Boutique\",\"item\":\"https:\/\/millalprofessional.com\/boutique-soins-lissages\/\"},{\"@type\":\"ListItem\",\"position\":2,\"name\":\"Pack accessoires\"}]},{\"@type\":\"WebSite\",\"@id\":\"https:\/\/millalprofessional.com\/#website\",\"url\":\"https:\/\/millalprofessional.com\/\",\"name\":\"Milla L.\",\"description\":\" Experts en Lissages Professionnels et Soins Lissants sur-mesure\",\"publisher\":{\"@id\":\"https:\/\/millalprofessional.com\/#organization\"},\"potentialAction\":[{\"@type\":\"SearchAction\",\"target\":{\"@type\":\"EntryPoint\",\"urlTemplate\":\"https:\/\/millalprofessional.com\/?s={search_term_string}\"},\"query-input\":{\"@type\":\"PropertyValueSpecification\",\"valueRequired\":true,\"valueName\":\"search_term_string\"}}],\"inLanguage\":\"ary\"},{\"@type\":\"Organization\",\"@id\":\"https:\/\/millalprofessional.com\/#organization\",\"name\":\"Milla L.\",\"url\":\"https:\/\/millalprofessional.com\/\",\"logo\":{\"@type\":\"ImageObject\",\"inLanguage\":\"ary\",\"@id\":\"https:\/\/millalprofessional.com\/#\/schema\/logo\/image\/\",\"url\":\"https:\/\/millalprofessional.com\/wp-content\/uploads\/2023\/03\/Logo-Milla-L2_page-0002-scaled.jpg\",\"contentUrl\":\"https:\/\/millalprofessional.com\/wp-content\/uploads\/2023\/03\/Logo-Milla-L2_page-0002-scaled.jpg\",\"width\":2560,\"height\":2560,\"caption\":\"Milla L.\"},\"image\":{\"@id\":\"https:\/\/millalprofessional.com\/#\/schema\/logo\/image\/\"}}]}<\/script>\n<!-- \/ Yoast SEO plugin. -->","yoast_head_json":{"title":"Pack accessoires - Milla L.","robots":{"index":"index","follow":"follow","max-snippet":"max-snippet:-1","max-image-preview":"max-image-preview:large","max-video-preview":"max-video-preview:-1"},"canonical":"https:\/\/millalprofessional.com\/ar\/product\/pack-accessoires\/","og_locale":"ar_AR","og_type":"article","og_title":"Pack accessoires - Milla L.","og_description":"Compl\u00e9tez votre kit de lissage avec nos accessoires professionnels Ce pack contient :    Une brosse pour lisser et dompter les frisottis.  Un bol pour m\u00e9langer le produit.  Un pinceau pour une application uniforme.  Un peigne en carbone pour d\u00e9m\u00ealer sans casser.  Des pinces pour maintenir les cheveux en section  L'alli\u00e9 indispensable pour un lissage parfait","og_url":"https:\/\/millalprofessional.com\/ar\/product\/pack-accessoires\/","og_site_name":"Milla L.","article_modified_time":"2025-08-29T23:14:52+00:00","og_image":[{"width":1200,"height":630,"url":"https:\/\/millalprofessional.com\/wp-content\/uploads\/2024\/04\/Pack-accessoires.jpg","type":"image\/jpeg"}],"twitter_card":"summary_large_image","twitter_title":"Pack accessoires - Milla L.","twitter_image":"https:\/\/millalprofessional.com\/wp-content\/uploads\/2024\/04\/Pack-accessoires.jpg","twitter_misc":{"Est. reading time":"1 minute"},"schema":{"@context":"https:\/\/schema.org","@graph":[{"@type":"WebPage","@id":"https:\/\/millalprofessional.com\/produit\/pack-accessoires\/","url":"https:\/\/millalprofessional.com\/produit\/pack-accessoires\/","name":"Pack accessoires - Milla L.","isPartOf":{"@id":"https:\/\/millalprofessional.com\/#website"},"primaryImageOfPage":{"@id":"https:\/\/millalprofessional.com\/produit\/pack-accessoires\/#primaryimage"},"image":{"@id":"https:\/\/millalprofessional.com\/produit\/pack-accessoires\/#primaryimage"},"thumbnailUrl":"https:\/\/millalprofessional.com\/wp-content\/uploads\/2024\/04\/Pack-accessoires.jpg","datePublished":"2024-03-31T22:39:18+00:00","dateModified":"2025-08-29T23:14:52+00:00","breadcrumb":{"@id":"https:\/\/millalprofessional.com\/produit\/pack-accessoires\/#breadcrumb"},"inLanguage":"ary","potentialAction":[{"@type":"ReadAction","target":["https:\/\/millalprofessional.com\/produit\/pack-accessoires\/"]}]},{"@type":"ImageObject","inLanguage":"ary","@id":"https:\/\/millalprofessional.com\/produit\/pack-accessoires\/#primaryimage","url":"https:\/\/millalprofessional.com\/wp-content\/uploads\/2024\/04\/Pack-accessoires.jpg","contentUrl":"https:\/\/millalprofessional.com\/wp-content\/uploads\/2024\/04\/Pack-accessoires.jpg","width":1200,"height":630,"caption":"Pack accessoires - kit de lissage"},{"@type":"BreadcrumbList","@id":"https:\/\/millalprofessional.com\/produit\/pack-accessoires\/#breadcrumb","itemListElement":[{"@type":"ListItem","position":1,"name":"Boutique","item":"https:\/\/millalprofessional.com\/boutique-soins-lissages\/"},{"@type":"ListItem","position":2,"name":"Pack accessoires"}]},{"@type":"WebSite","@id":"https:\/\/millalprofessional.com\/#website","url":"https:\/\/millalprofessional.com\/","name":"Milla L.","description":"Experts en Lissages Professionnels et Soins Lissants sur-mesure","publisher":{"@id":"https:\/\/millalprofessional.com\/#organization"},"potentialAction":[{"@type":"SearchAction","target":{"@type":"EntryPoint","urlTemplate":"https:\/\/millalprofessional.com\/?s={search_term_string}"},"query-input":{"@type":"PropertyValueSpecification","valueRequired":true,"valueName":"search_term_string"}}],"inLanguage":"ary"},{"@type":"Organization","@id":"https:\/\/millalprofessional.com\/#organization","name":"Milla L.","url":"https:\/\/millalprofessional.com\/","logo":{"@type":"ImageObject","inLanguage":"ary","@id":"https:\/\/millalprofessional.com\/#\/schema\/logo\/image\/","url":"https:\/\/millalprofessional.com\/wp-content\/uploads\/2023\/03\/Logo-Milla-L2_page-0002-scaled.jpg","contentUrl":"https:\/\/millalprofessional.com\/wp-content\/uploads\/2023\/03\/Logo-Milla-L2_page-0002-scaled.jpg","width":2560,"height":2560,"caption":"Milla L."},"image":{"@id":"https:\/\/millalprofessional.com\/#\/schema\/logo\/image\/"}}]}},"post_mailing_queue_ids":[],"_links":{"self":[{"href":"https:\/\/millalprofessional.com\/ar\/wp-json\/wp\/v2\/product\/7151","targetHints":{"allow":["GET"]}}],"collection":[{"href":"https:\/\/millalprofessional.com\/ar\/wp-json\/wp\/v2\/product"}],"about":[{"href":"https:\/\/millalprofessional.com\/ar\/wp-json\/wp\/v2\/types\/product"}],"replies":[{"embeddable":true,"href":"https:\/\/millalprofessional.com\/ar\/wp-json\/wp\/v2\/comments?post=7151"}],"version-history":[{"count":2,"href":"https:\/\/millalprofessional.com\/ar\/wp-json\/wp\/v2\/product\/7151\/revisions"}],"predecessor-version":[{"id":8260,"href":"https:\/\/millalprofessional.com\/ar\/wp-json\/wp\/v2\/product\/7151\/revisions\/8260"}],"wp:featuredmedia":[{"embeddable":true,"href":"https:\/\/millalprofessional.com\/ar\/wp-json\/wp\/v2\/media\/9179"}],"wp:attachment":[{"href":"https:\/\/millalprofessional.com\/ar\/wp-json\/wp\/v2\/media?parent=7151"}],"wp:term":[{"taxonomy":"type_de_traitement","embeddable":true,"href":"https:\/\/millalprofessional.com\/ar\/wp-json\/wp\/v2\/type_de_traitement?post=7151"},{"taxonomy":"product_brand","embeddable":true,"href":"https:\/\/millalprofessional.com\/ar\/wp-json\/wp\/v2\/product_brand?post=7151"},{"taxonomy":"product_cat","embeddable":true,"href":"https:\/\/millalprofessional.com\/ar\/wp-json\/wp\/v2\/product_cat?post=7151"},{"taxonomy":"product_tag","embeddable":true,"href":"https:\/\/millalprofessional.com\/ar\/wp-json\/wp\/v2\/product_tag?post=7151"}],"curies":[{"name":"wp","href":"https:\/\/api.w.org\/{rel}","templated":true}]}}