{"id":3769,"date":"2023-04-09T17:41:45","date_gmt":"2023-04-09T17:41:45","guid":{"rendered":"http:\/\/millalprofessional.com\/?post_type=product&#038;p=3769"},"modified":"2025-02-06T22:35:07","modified_gmt":"2025-02-06T21:35:07","slug":"masque-precieux-figue-de-barbarie-argousier-vegan-care","status":"publish","type":"product","link":"https:\/\/millalprofessional.com\/ar\/product\/masque-precieux-figue-de-barbarie-argousier-vegan-care\/","title":{"rendered":"Masque Pr\u00e9cieux Vegan Care \u2013 K\u00e9ratine V\u00e9g\u00e9tale \ud83c\udf3f"},"content":{"rendered":"","protected":false},"excerpt":{"rendered":"<p>\ud83c\udf43 <strong>Laisse une odeur fra\u00eeche<\/strong> et d\u00e9licate sur vos cheveux.<br \/>\n\ud83d\udcab <strong>Scelle les cuticules<\/strong> pour une brillance incomparable.<br \/>\n\ud83c\udf31 Enrichi en <strong>k\u00e9ratine v\u00e9g\u00e9tale<\/strong>, figue de Barbarie et argousier.<br \/>\n\ud83d\udca7 <strong>Nourrit intens\u00e9ment<\/strong> et restructure les cheveux en profondeur.<br \/>\n\u2728 <strong>Prolonge l\u2019effet soyeux<\/strong> du lissage et fortifie la fibre capillaire.<br \/>\n\ud83c\udf1f Des cheveux liss\u00e9s, \u00e9clatants de sant\u00e9 et visiblement renforc\u00e9s !<\/p>\n<p>Contenance : <strong>300 ml<\/strong><\/p>\n<p>&nbsp;<\/p>\n<p>&nbsp;<\/p>\n<p>&nbsp;<\/p>","protected":false},"featured_media":9181,"comment_status":"open","ping_status":"closed","template":"","meta":{"_acf_changed":false,"iawp_total_views":87},"type_de_traitement":[],"product_brand":[],"product_cat":[112],"product_tag":[148],"class_list":{"0":"post-3769","1":"product","2":"type-product","3":"status-publish","4":"has-post-thumbnail","6":"product_cat-nos-soins","7":"product_tag-edition-compacte","8":"pa_soins-masque","10":"first","11":"instock","12":"sale","13":"featured","14":"taxable","15":"shipping-taxable","16":"purchasable","17":"product-type-simple"},"acf":[],"yoast_head":"<!-- This site is optimized with the Yoast SEO plugin v27.1.1 - https:\/\/yoast.com\/product\/yoast-seo-wordpress\/ -->\n<title>Masque Hydratant Vegan Care \u2013 K\u00e9ratine V\u00e9g\u00e9tale &amp; Figue de Ba<\/title>\n<meta name=\"description\" content=\"Masque hydratant Vegan Care : nourrit, fortifie et prolonge l\u2019effet soyeux du lissage. Brillance, douceur et k\u00e9ratine v\u00e9g\u00e9tale pour des cheveux sublimes !\" \/>\n<meta name=\"robots\" content=\"index, follow, max-snippet:-1, max-image-preview:large, max-video-preview:-1\" \/>\n<link rel=\"canonical\" href=\"https:\/\/millalprofessional.com\/ar\/product\/masque-precieux-figue-de-barbarie-argousier-vegan-care\/\" \/>\n<meta property=\"og:locale\" content=\"ar_AR\" \/>\n<meta property=\"og:type\" content=\"article\" \/>\n<meta property=\"og:title\" content=\"Masque Pr\u00e9cieux Vegan - Figue de Barbarie &amp; Argousier - Milla L.\" \/>\n<meta property=\"og:description\" content=\"Le Masque Pr\u00e9cieux : ce soin p\u00e9n\u00e8tre les cheveux en profondeur pour les restructurer de l&#039;int\u00e9rieur. Avec leurs acides gras, leurs ...\" \/>\n<meta property=\"og:url\" content=\"https:\/\/millalprofessional.com\/ar\/product\/masque-precieux-figue-de-barbarie-argousier-vegan-care\/\" \/>\n<meta property=\"og:site_name\" content=\"Milla L.\" \/>\n<meta property=\"article:modified_time\" content=\"2025-02-06T21:35:07+00:00\" \/>\n<meta property=\"og:image\" content=\"https:\/\/millalprofessional.com\/wp-content\/uploads\/2023\/04\/Conditionneur-Precieux.jpg\" \/>\n\t<meta property=\"og:image:width\" content=\"1200\" \/>\n\t<meta property=\"og:image:height\" content=\"630\" \/>\n\t<meta property=\"og:image:type\" content=\"image\/jpeg\" \/>\n<meta name=\"twitter:card\" content=\"summary_large_image\" \/>\n<meta name=\"twitter:title\" content=\"Masque Pr\u00e9cieux Vegan - Figue de Barbarie &amp; Argousier - Milla L.\" \/>\n<meta name=\"twitter:description\" content=\"Le Masque Pr\u00e9cieux : ce soin p\u00e9n\u00e8tre les cheveux en profondeur pour les restructurer de l&#039;int\u00e9rieur. Avec leurs acides gras, leurs ...\" \/>\n<meta name=\"twitter:image\" content=\"https:\/\/millalprofessional.com\/wp-content\/uploads\/2023\/04\/Conditionneur-Precieux.jpg\" \/>\n<script type=\"application\/ld+json\" class=\"yoast-schema-graph\">{\"@context\":\"https:\/\/schema.org\",\"@graph\":[{\"@type\":\"WebPage\",\"@id\":\"https:\/\/millalprofessional.com\/produit\/masque-precieux-figue-de-barbarie-argousier-vegan-care\/\",\"url\":\"https:\/\/millalprofessional.com\/produit\/masque-precieux-figue-de-barbarie-argousier-vegan-care\/\",\"name\":\"Masque Hydratant Vegan Care \u2013 K\u00e9ratine V\u00e9g\u00e9tale & Figue de Ba\",\"isPartOf\":{\"@id\":\"https:\/\/millalprofessional.com\/#website\"},\"primaryImageOfPage\":{\"@id\":\"https:\/\/millalprofessional.com\/produit\/masque-precieux-figue-de-barbarie-argousier-vegan-care\/#primaryimage\"},\"image\":{\"@id\":\"https:\/\/millalprofessional.com\/produit\/masque-precieux-figue-de-barbarie-argousier-vegan-care\/#primaryimage\"},\"thumbnailUrl\":\"https:\/\/millalprofessional.com\/wp-content\/uploads\/2023\/04\/Conditionneur-Precieux.jpg\",\"datePublished\":\"2023-04-09T17:41:45+00:00\",\"dateModified\":\"2025-02-06T21:35:07+00:00\",\"description\":\"Masque hydratant Vegan Care : nourrit, fortifie et prolonge l\u2019effet soyeux du lissage. Brillance, douceur et k\u00e9ratine v\u00e9g\u00e9tale pour des cheveux sublimes !\",\"breadcrumb\":{\"@id\":\"https:\/\/millalprofessional.com\/produit\/masque-precieux-figue-de-barbarie-argousier-vegan-care\/#breadcrumb\"},\"inLanguage\":\"ary\",\"potentialAction\":[{\"@type\":\"ReadAction\",\"target\":[\"https:\/\/millalprofessional.com\/produit\/masque-precieux-figue-de-barbarie-argousier-vegan-care\/\"]}]},{\"@type\":\"ImageObject\",\"inLanguage\":\"ary\",\"@id\":\"https:\/\/millalprofessional.com\/produit\/masque-precieux-figue-de-barbarie-argousier-vegan-care\/#primaryimage\",\"url\":\"https:\/\/millalprofessional.com\/wp-content\/uploads\/2023\/04\/Conditionneur-Precieux.jpg\",\"contentUrl\":\"https:\/\/millalprofessional.com\/wp-content\/uploads\/2023\/04\/Conditionneur-Precieux.jpg\",\"width\":1200,\"height\":630,\"caption\":\"Masque hydratant Vegan Care K2ratine V\u00e9g\u00e9tale & figue de barbarie\"},{\"@type\":\"BreadcrumbList\",\"@id\":\"https:\/\/millalprofessional.com\/produit\/masque-precieux-figue-de-barbarie-argousier-vegan-care\/#breadcrumb\",\"itemListElement\":[{\"@type\":\"ListItem\",\"position\":1,\"name\":\"Boutique\",\"item\":\"https:\/\/millalprofessional.com\/boutique-soins-lissages\/\"},{\"@type\":\"ListItem\",\"position\":2,\"name\":\"Masque Pr\u00e9cieux Vegan Care \u2013 K\u00e9ratine V\u00e9g\u00e9tale \ud83c\udf3f\"}]},{\"@type\":\"WebSite\",\"@id\":\"https:\/\/millalprofessional.com\/#website\",\"url\":\"https:\/\/millalprofessional.com\/\",\"name\":\"Milla L.\",\"description\":\" Experts en Lissages Professionnels et Soins Lissants sur-mesure\",\"publisher\":{\"@id\":\"https:\/\/millalprofessional.com\/#organization\"},\"potentialAction\":[{\"@type\":\"SearchAction\",\"target\":{\"@type\":\"EntryPoint\",\"urlTemplate\":\"https:\/\/millalprofessional.com\/?s={search_term_string}\"},\"query-input\":{\"@type\":\"PropertyValueSpecification\",\"valueRequired\":true,\"valueName\":\"search_term_string\"}}],\"inLanguage\":\"ary\"},{\"@type\":\"Organization\",\"@id\":\"https:\/\/millalprofessional.com\/#organization\",\"name\":\"Milla L.\",\"url\":\"https:\/\/millalprofessional.com\/\",\"logo\":{\"@type\":\"ImageObject\",\"inLanguage\":\"ary\",\"@id\":\"https:\/\/millalprofessional.com\/#\/schema\/logo\/image\/\",\"url\":\"https:\/\/millalprofessional.com\/wp-content\/uploads\/2023\/03\/Logo-Milla-L2_page-0002-scaled.jpg\",\"contentUrl\":\"https:\/\/millalprofessional.com\/wp-content\/uploads\/2023\/03\/Logo-Milla-L2_page-0002-scaled.jpg\",\"width\":2560,\"height\":2560,\"caption\":\"Milla L.\"},\"image\":{\"@id\":\"https:\/\/millalprofessional.com\/#\/schema\/logo\/image\/\"}}]}<\/script>\n<!-- \/ Yoast SEO plugin. -->","yoast_head_json":{"title":"Masque Hydratant Vegan Care \u2013 K\u00e9ratine V\u00e9g\u00e9tale & Figue de Ba","description":"Masque hydratant Vegan Care : nourrit, fortifie et prolonge l\u2019effet soyeux du lissage. Brillance, douceur et k\u00e9ratine v\u00e9g\u00e9tale pour des cheveux sublimes !","robots":{"index":"index","follow":"follow","max-snippet":"max-snippet:-1","max-image-preview":"max-image-preview:large","max-video-preview":"max-video-preview:-1"},"canonical":"https:\/\/millalprofessional.com\/ar\/product\/masque-precieux-figue-de-barbarie-argousier-vegan-care\/","og_locale":"ar_AR","og_type":"article","og_title":"Masque Pr\u00e9cieux Vegan - Figue de Barbarie & Argousier - Milla L.","og_description":"Le Masque Pr\u00e9cieux : ce soin p\u00e9n\u00e8tre les cheveux en profondeur pour les restructurer de l'int\u00e9rieur. Avec leurs acides gras, leurs ...","og_url":"https:\/\/millalprofessional.com\/ar\/product\/masque-precieux-figue-de-barbarie-argousier-vegan-care\/","og_site_name":"Milla L.","article_modified_time":"2025-02-06T21:35:07+00:00","og_image":[{"width":1200,"height":630,"url":"https:\/\/millalprofessional.com\/wp-content\/uploads\/2023\/04\/Conditionneur-Precieux.jpg","type":"image\/jpeg"}],"twitter_card":"summary_large_image","twitter_title":"Masque Pr\u00e9cieux Vegan - Figue de Barbarie & Argousier - Milla L.","twitter_description":"Le Masque Pr\u00e9cieux : ce soin p\u00e9n\u00e8tre les cheveux en profondeur pour les restructurer de l'int\u00e9rieur. Avec leurs acides gras, leurs ...","twitter_image":"https:\/\/millalprofessional.com\/wp-content\/uploads\/2023\/04\/Conditionneur-Precieux.jpg","schema":{"@context":"https:\/\/schema.org","@graph":[{"@type":"WebPage","@id":"https:\/\/millalprofessional.com\/produit\/masque-precieux-figue-de-barbarie-argousier-vegan-care\/","url":"https:\/\/millalprofessional.com\/produit\/masque-precieux-figue-de-barbarie-argousier-vegan-care\/","name":"Masque Hydratant Vegan Care \u2013 K\u00e9ratine V\u00e9g\u00e9tale & Figue de Ba","isPartOf":{"@id":"https:\/\/millalprofessional.com\/#website"},"primaryImageOfPage":{"@id":"https:\/\/millalprofessional.com\/produit\/masque-precieux-figue-de-barbarie-argousier-vegan-care\/#primaryimage"},"image":{"@id":"https:\/\/millalprofessional.com\/produit\/masque-precieux-figue-de-barbarie-argousier-vegan-care\/#primaryimage"},"thumbnailUrl":"https:\/\/millalprofessional.com\/wp-content\/uploads\/2023\/04\/Conditionneur-Precieux.jpg","datePublished":"2023-04-09T17:41:45+00:00","dateModified":"2025-02-06T21:35:07+00:00","description":"Masque hydratant Vegan Care : nourrit, fortifie et prolonge l\u2019effet soyeux du lissage. Brillance, douceur et k\u00e9ratine v\u00e9g\u00e9tale pour des cheveux sublimes !","breadcrumb":{"@id":"https:\/\/millalprofessional.com\/produit\/masque-precieux-figue-de-barbarie-argousier-vegan-care\/#breadcrumb"},"inLanguage":"ary","potentialAction":[{"@type":"ReadAction","target":["https:\/\/millalprofessional.com\/produit\/masque-precieux-figue-de-barbarie-argousier-vegan-care\/"]}]},{"@type":"ImageObject","inLanguage":"ary","@id":"https:\/\/millalprofessional.com\/produit\/masque-precieux-figue-de-barbarie-argousier-vegan-care\/#primaryimage","url":"https:\/\/millalprofessional.com\/wp-content\/uploads\/2023\/04\/Conditionneur-Precieux.jpg","contentUrl":"https:\/\/millalprofessional.com\/wp-content\/uploads\/2023\/04\/Conditionneur-Precieux.jpg","width":1200,"height":630,"caption":"Masque hydratant Vegan Care K2ratine V\u00e9g\u00e9tale & figue de barbarie"},{"@type":"BreadcrumbList","@id":"https:\/\/millalprofessional.com\/produit\/masque-precieux-figue-de-barbarie-argousier-vegan-care\/#breadcrumb","itemListElement":[{"@type":"ListItem","position":1,"name":"Boutique","item":"https:\/\/millalprofessional.com\/boutique-soins-lissages\/"},{"@type":"ListItem","position":2,"name":"Masque Pr\u00e9cieux Vegan Care \u2013 K\u00e9ratine V\u00e9g\u00e9tale \ud83c\udf3f"}]},{"@type":"WebSite","@id":"https:\/\/millalprofessional.com\/#website","url":"https:\/\/millalprofessional.com\/","name":"Milla L.","description":"Experts en Lissages Professionnels et Soins Lissants sur-mesure","publisher":{"@id":"https:\/\/millalprofessional.com\/#organization"},"potentialAction":[{"@type":"SearchAction","target":{"@type":"EntryPoint","urlTemplate":"https:\/\/millalprofessional.com\/?s={search_term_string}"},"query-input":{"@type":"PropertyValueSpecification","valueRequired":true,"valueName":"search_term_string"}}],"inLanguage":"ary"},{"@type":"Organization","@id":"https:\/\/millalprofessional.com\/#organization","name":"Milla L.","url":"https:\/\/millalprofessional.com\/","logo":{"@type":"ImageObject","inLanguage":"ary","@id":"https:\/\/millalprofessional.com\/#\/schema\/logo\/image\/","url":"https:\/\/millalprofessional.com\/wp-content\/uploads\/2023\/03\/Logo-Milla-L2_page-0002-scaled.jpg","contentUrl":"https:\/\/millalprofessional.com\/wp-content\/uploads\/2023\/03\/Logo-Milla-L2_page-0002-scaled.jpg","width":2560,"height":2560,"caption":"Milla L."},"image":{"@id":"https:\/\/millalprofessional.com\/#\/schema\/logo\/image\/"}}]}},"post_mailing_queue_ids":[],"_links":{"self":[{"href":"https:\/\/millalprofessional.com\/ar\/wp-json\/wp\/v2\/product\/3769","targetHints":{"allow":["GET"]}}],"collection":[{"href":"https:\/\/millalprofessional.com\/ar\/wp-json\/wp\/v2\/product"}],"about":[{"href":"https:\/\/millalprofessional.com\/ar\/wp-json\/wp\/v2\/types\/product"}],"replies":[{"embeddable":true,"href":"https:\/\/millalprofessional.com\/ar\/wp-json\/wp\/v2\/comments?post=3769"}],"version-history":[{"count":33,"href":"https:\/\/millalprofessional.com\/ar\/wp-json\/wp\/v2\/product\/3769\/revisions"}],"predecessor-version":[{"id":10622,"href":"https:\/\/millalprofessional.com\/ar\/wp-json\/wp\/v2\/product\/3769\/revisions\/10622"}],"wp:featuredmedia":[{"embeddable":true,"href":"https:\/\/millalprofessional.com\/ar\/wp-json\/wp\/v2\/media\/9181"}],"wp:attachment":[{"href":"https:\/\/millalprofessional.com\/ar\/wp-json\/wp\/v2\/media?parent=3769"}],"wp:term":[{"taxonomy":"type_de_traitement","embeddable":true,"href":"https:\/\/millalprofessional.com\/ar\/wp-json\/wp\/v2\/type_de_traitement?post=3769"},{"taxonomy":"product_brand","embeddable":true,"href":"https:\/\/millalprofessional.com\/ar\/wp-json\/wp\/v2\/product_brand?post=3769"},{"taxonomy":"product_cat","embeddable":true,"href":"https:\/\/millalprofessional.com\/ar\/wp-json\/wp\/v2\/product_cat?post=3769"},{"taxonomy":"product_tag","embeddable":true,"href":"https:\/\/millalprofessional.com\/ar\/wp-json\/wp\/v2\/product_tag?post=3769"}],"curies":[{"name":"wp","href":"https:\/\/api.w.org\/{rel}","templated":true}]}}