{"id":3768,"date":"2023-04-09T17:41:45","date_gmt":"2023-04-09T17:41:45","guid":{"rendered":"http:\/\/millalprofessional.com\/?post_type=product&#038;p=3768"},"modified":"2025-08-30T01:23:32","modified_gmt":"2025-08-29T23:23:32","slug":"conditionneur-precieux-figue-de-barbarie-argousier-vegan-care","status":"publish","type":"product","link":"https:\/\/millalprofessional.com\/ar\/product\/conditionneur-precieux-figue-de-barbarie-argousier-vegan-care\/","title":{"rendered":"Conditionneur Pr\u00e9cieux Vegan Care \u2013 K\u00e9ratine V\u00e9g\u00e9tale \ud83c\udf3f"},"content":{"rendered":"<div data-elementor-type=\"product-post\" data-elementor-id=\"3768\" class=\"elementor elementor-3768\">\n\t\t\t\t\t\t<section class=\"elementor-section elementor-top-section elementor-element elementor-element-887917f elementor-section-boxed elementor-section-height-default elementor-section-height-default\" data-id=\"887917f\" data-element_type=\"section\">\n\t\t\t\t\t\t<div class=\"elementor-container elementor-column-gap-default\">\n\t\t\t\t\t<div class=\"elementor-column elementor-col-100 elementor-top-column elementor-element elementor-element-70ec8dd\" data-id=\"70ec8dd\" data-element_type=\"column\">\n\t\t\t<div class=\"elementor-widget-wrap elementor-element-populated\">\n\t\t\t\t\t\t<div class=\"elementor-element elementor-element-987f1ab elementor-widget elementor-widget-text-editor\" data-id=\"987f1ab\" data-element_type=\"widget\" data-widget_type=\"text-editor.default\">\n\t\t\t\t<div class=\"elementor-widget-container\">\n\t\t\t\t\t\t\t\t\t<p><span style=\"font-weight: 400;\">Ce soin capillaire \u00e9mollient d\u00e9m\u00eale en douceur, hydrate et redonne brillance et souplesse aux cheveux. Enrichi en figue de Barbarie, en argousier et en actifs d&#8217;origine 100% v\u00e9g\u00e9tale, il nourrit intens\u00e9ment la fibre capillaire et facilite le coiffage.<\/span><\/p><p><b>Contenance :<\/b><span style=\"font-weight: 400;\"> 300 ml<\/span><\/p><p>\u00a0<\/p><p><b>Sublimez votre lissage avec un soin \u00e9mollient d&#8217;exception.<\/b><\/p>\t\t\t\t\t\t\t\t<\/div>\n\t\t\t\t<\/div>\n\t\t\t\t<div class=\"elementor-element elementor-element-8e1a6dc elementor-widget elementor-widget-spacer\" data-id=\"8e1a6dc\" data-element_type=\"widget\" data-widget_type=\"spacer.default\">\n\t\t\t\t<div class=\"elementor-widget-container\">\n\t\t\t\t\t\t\t<div class=\"elementor-spacer\">\n\t\t\t<div class=\"elementor-spacer-inner\"><\/div>\n\t\t<\/div>\n\t\t\t\t\t\t<\/div>\n\t\t\t\t<\/div>\n\t\t\t\t<div class=\"elementor-element elementor-element-1a79a4c elementor-widget elementor-widget-heading\" data-id=\"1a79a4c\" data-element_type=\"widget\" data-widget_type=\"heading.default\">\n\t\t\t\t<div class=\"elementor-widget-container\">\n\t\t\t\t\t<div class=\"elementor-heading-title elementor-size-default\">Professionnels, b\u00e9n\u00e9ficiez de tarifs pr\u00e9f\u00e9rentiels<\/div>\t\t\t\t<\/div>\n\t\t\t\t<\/div>\n\t\t\t\t<div class=\"elementor-element elementor-element-7ce3a80 elementor-widget elementor-widget-spacer\" data-id=\"7ce3a80\" data-element_type=\"widget\" data-widget_type=\"spacer.default\">\n\t\t\t\t<div class=\"elementor-widget-container\">\n\t\t\t\t\t\t\t<div class=\"elementor-spacer\">\n\t\t\t<div class=\"elementor-spacer-inner\"><\/div>\n\t\t<\/div>\n\t\t\t\t\t\t<\/div>\n\t\t\t\t<\/div>\n\t\t\t\t\t<\/div>\n\t\t<\/div>\n\t\t\t\t\t<\/div>\n\t\t<\/section>\n\t\t        \t\t<\/div>","protected":false},"excerpt":{"rendered":"<p data-pm-slice=\"1 1 []\">\ud83d\udca7 <strong>Hydratez\u00a0<\/strong> vos cheveux liss\u00e9s gr\u00e2ce au <strong>Conditionneur Vegan Care<\/strong>.<br \/>\n\ud83c\udf31 Enrichi en <strong>figue de Barbarie,<\/strong> <strong>argousier et k\u00e9ratine v\u00e9g\u00e9tale <\/strong>il offre une <strong>action r\u00e9paratrice intense<\/strong> tout en respectant la fibre capillaire.<br \/>\n\u2728 Ce soin <strong>v\u00e9g\u00e9tal et cruelty-free<\/strong> comble les micro-fissures et apporte <strong>\u00e9clat<\/strong> et <strong>souplesse<\/strong>.<br \/>\n\ud83c\udf33 Il <strong>comble les carences capillaires<\/strong> des cheveux en manque d&#8217;hydratation.<br \/>\n\ud83c\udf33 <strong>Id\u00e9al pour entretenir votre lissage<\/strong> ou sublimer vos cheveux naturels, il laisse la chevelure <strong>douce, brillante et pleine de vitalit\u00e9<\/strong>.<\/p>\n<p>\ud83c\udf38 <strong>R\u00e9sultat :<\/strong> Des cheveux resplendissants au quotidien et des convictions v\u00e9ganes respect\u00e9es !<\/p>\n<p><strong>Compl\u00e9tez votre routine avec les autres soins de la gamme Vegan Care pour des r\u00e9sultats optimaux.<\/strong><\/p>","protected":false},"featured_media":10563,"comment_status":"open","ping_status":"closed","template":"","meta":{"_acf_changed":false,"iawp_total_views":91},"type_de_traitement":[],"product_brand":[],"product_cat":[112],"product_tag":[148],"class_list":{"0":"post-3768","1":"product","2":"type-product","3":"status-publish","4":"has-post-thumbnail","6":"product_cat-nos-soins","7":"product_tag-edition-compacte","8":"pa_soins-conditionneur","10":"first","11":"instock","12":"sale","13":"featured","14":"taxable","15":"shipping-taxable","16":"purchasable","17":"product-type-simple"},"acf":[],"yoast_head":"<!-- This site is optimized with the Yoast SEO plugin v27.1.1 - https:\/\/yoast.com\/product\/yoast-seo-wordpress\/ -->\n<title>Conditionneur Pr\u00e9cieux Vegan - Figue de Barbarie &amp; Argousier<\/title>\n<meta name=\"description\" content=\"Conditionneur Vegan Care : hydrate, nourrit et lisse en profondeur pour des cheveux resplendissants. Profitez des bienfaits de la figue de Barbarie et de l&#039;argousier\" \/>\n<meta name=\"robots\" content=\"index, follow, max-snippet:-1, max-image-preview:large, max-video-preview:-1\" \/>\n<link rel=\"canonical\" href=\"https:\/\/millalprofessional.com\/ar\/product\/conditionneur-precieux-figue-de-barbarie-argousier-vegan-care\/\" \/>\n<meta property=\"og:locale\" content=\"ar_AR\" \/>\n<meta property=\"og:type\" content=\"article\" \/>\n<meta property=\"og:title\" content=\"Conditionneur Pr\u00e9cieux Vegan - Figue de Barbarie &amp; Argousier - Milla L.\" \/>\n<meta property=\"og:description\" content=\"Le Conditionneur Pr\u00e9cieux : tirant le meilleur de la figue de Barbarie et de l&#039;argousier, ce soin \u00e9mollient apporte \u00e9clat, souplesse et hydratation aux cheveux liss\u00e9s, tout en venant combler les micro-fissures en surface.\" \/>\n<meta property=\"og:url\" content=\"https:\/\/millalprofessional.com\/ar\/product\/conditionneur-precieux-figue-de-barbarie-argousier-vegan-care\/\" \/>\n<meta property=\"og:site_name\" content=\"Milla L.\" \/>\n<meta property=\"article:modified_time\" content=\"2025-08-29T23:23:32+00:00\" \/>\n<meta property=\"og:image\" content=\"https:\/\/millalprofessional.com\/wp-content\/uploads\/2023\/04\/Conditionneur-Precieux-Social-Image.jpg\" \/>\n\t<meta property=\"og:image:width\" content=\"1200\" \/>\n\t<meta property=\"og:image:height\" content=\"630\" \/>\n\t<meta property=\"og:image:type\" content=\"image\/jpeg\" \/>\n<meta name=\"twitter:card\" content=\"summary_large_image\" \/>\n<meta name=\"twitter:title\" content=\"Conditionneur Pr\u00e9cieux Vegan - Figue de Barbarie &amp; Argousier - Milla L.\" \/>\n<meta name=\"twitter:description\" content=\"Le Conditionneur Pr\u00e9cieux : tirant le meilleur de la figue de Barbarie et de l&#039;argousier, ce soin \u00e9mollient apporte \u00e9clat, souplesse et hydratation aux cheveux liss\u00e9s, tout en venant combler les micro-fissures en surface.\" \/>\n<meta name=\"twitter:image\" content=\"https:\/\/millalprofessional.com\/wp-content\/uploads\/2023\/04\/Conditionneur-Precieux-Social-Image.jpg\" \/>\n<meta name=\"twitter:label1\" content=\"Est. reading time\" \/>\n\t<meta name=\"twitter:data1\" content=\"1 minute\" \/>\n<script type=\"application\/ld+json\" class=\"yoast-schema-graph\">{\"@context\":\"https:\/\/schema.org\",\"@graph\":[{\"@type\":\"WebPage\",\"@id\":\"https:\/\/millalprofessional.com\/produit\/conditionneur-precieux-figue-de-barbarie-argousier-vegan-care\/\",\"url\":\"https:\/\/millalprofessional.com\/produit\/conditionneur-precieux-figue-de-barbarie-argousier-vegan-care\/\",\"name\":\"Conditionneur Pr\u00e9cieux Vegan - Figue de Barbarie & Argousier\",\"isPartOf\":{\"@id\":\"https:\/\/millalprofessional.com\/#website\"},\"primaryImageOfPage\":{\"@id\":\"https:\/\/millalprofessional.com\/produit\/conditionneur-precieux-figue-de-barbarie-argousier-vegan-care\/#primaryimage\"},\"image\":{\"@id\":\"https:\/\/millalprofessional.com\/produit\/conditionneur-precieux-figue-de-barbarie-argousier-vegan-care\/#primaryimage\"},\"thumbnailUrl\":\"https:\/\/millalprofessional.com\/wp-content\/uploads\/2023\/04\/conditionneur-vegan-care-milla-l-scaled.webp\",\"datePublished\":\"2023-04-09T17:41:45+00:00\",\"dateModified\":\"2025-08-29T23:23:32+00:00\",\"description\":\"Conditionneur Vegan Care : hydrate, nourrit et lisse en profondeur pour des cheveux resplendissants. Profitez des bienfaits de la figue de Barbarie et de l'argousier\",\"breadcrumb\":{\"@id\":\"https:\/\/millalprofessional.com\/produit\/conditionneur-precieux-figue-de-barbarie-argousier-vegan-care\/#breadcrumb\"},\"inLanguage\":\"ary\",\"potentialAction\":[{\"@type\":\"ReadAction\",\"target\":[\"https:\/\/millalprofessional.com\/produit\/conditionneur-precieux-figue-de-barbarie-argousier-vegan-care\/\"]}]},{\"@type\":\"ImageObject\",\"inLanguage\":\"ary\",\"@id\":\"https:\/\/millalprofessional.com\/produit\/conditionneur-precieux-figue-de-barbarie-argousier-vegan-care\/#primaryimage\",\"url\":\"https:\/\/millalprofessional.com\/wp-content\/uploads\/2023\/04\/conditionneur-vegan-care-milla-l-scaled.webp\",\"contentUrl\":\"https:\/\/millalprofessional.com\/wp-content\/uploads\/2023\/04\/conditionneur-vegan-care-milla-l-scaled.webp\",\"width\":1707,\"height\":2560,\"caption\":\"Hydratez\u00a0 vos cheveux liss\u00e9s gr\u00e2ce au Conditionneur Vegan Care\"},{\"@type\":\"BreadcrumbList\",\"@id\":\"https:\/\/millalprofessional.com\/produit\/conditionneur-precieux-figue-de-barbarie-argousier-vegan-care\/#breadcrumb\",\"itemListElement\":[{\"@type\":\"ListItem\",\"position\":1,\"name\":\"Boutique\",\"item\":\"https:\/\/millalprofessional.com\/boutique-soins-lissages\/\"},{\"@type\":\"ListItem\",\"position\":2,\"name\":\"Conditionneur Pr\u00e9cieux Vegan Care \u2013 K\u00e9ratine V\u00e9g\u00e9tale \ud83c\udf3f\"}]},{\"@type\":\"WebSite\",\"@id\":\"https:\/\/millalprofessional.com\/#website\",\"url\":\"https:\/\/millalprofessional.com\/\",\"name\":\"Milla L.\",\"description\":\" Experts en Lissages Professionnels et Soins Lissants sur-mesure\",\"publisher\":{\"@id\":\"https:\/\/millalprofessional.com\/#organization\"},\"potentialAction\":[{\"@type\":\"SearchAction\",\"target\":{\"@type\":\"EntryPoint\",\"urlTemplate\":\"https:\/\/millalprofessional.com\/?s={search_term_string}\"},\"query-input\":{\"@type\":\"PropertyValueSpecification\",\"valueRequired\":true,\"valueName\":\"search_term_string\"}}],\"inLanguage\":\"ary\"},{\"@type\":\"Organization\",\"@id\":\"https:\/\/millalprofessional.com\/#organization\",\"name\":\"Milla L.\",\"url\":\"https:\/\/millalprofessional.com\/\",\"logo\":{\"@type\":\"ImageObject\",\"inLanguage\":\"ary\",\"@id\":\"https:\/\/millalprofessional.com\/#\/schema\/logo\/image\/\",\"url\":\"https:\/\/millalprofessional.com\/wp-content\/uploads\/2023\/03\/Logo-Milla-L2_page-0002-scaled.jpg\",\"contentUrl\":\"https:\/\/millalprofessional.com\/wp-content\/uploads\/2023\/03\/Logo-Milla-L2_page-0002-scaled.jpg\",\"width\":2560,\"height\":2560,\"caption\":\"Milla L.\"},\"image\":{\"@id\":\"https:\/\/millalprofessional.com\/#\/schema\/logo\/image\/\"}}]}<\/script>\n<!-- \/ Yoast SEO plugin. -->","yoast_head_json":{"title":"Conditionneur Pr\u00e9cieux Vegan - Figue de Barbarie & Argousier","description":"Conditionneur Vegan Care : hydrate, nourrit et lisse en profondeur pour des cheveux resplendissants. Profitez des bienfaits de la figue de Barbarie et de l'argousier","robots":{"index":"index","follow":"follow","max-snippet":"max-snippet:-1","max-image-preview":"max-image-preview:large","max-video-preview":"max-video-preview:-1"},"canonical":"https:\/\/millalprofessional.com\/ar\/product\/conditionneur-precieux-figue-de-barbarie-argousier-vegan-care\/","og_locale":"ar_AR","og_type":"article","og_title":"Conditionneur Pr\u00e9cieux Vegan - Figue de Barbarie & Argousier - Milla L.","og_description":"Le Conditionneur Pr\u00e9cieux : tirant le meilleur de la figue de Barbarie et de l'argousier, ce soin \u00e9mollient apporte \u00e9clat, souplesse et hydratation aux cheveux liss\u00e9s, tout en venant combler les micro-fissures en surface.","og_url":"https:\/\/millalprofessional.com\/ar\/product\/conditionneur-precieux-figue-de-barbarie-argousier-vegan-care\/","og_site_name":"Milla L.","article_modified_time":"2025-08-29T23:23:32+00:00","og_image":[{"width":1200,"height":630,"url":"https:\/\/millalprofessional.com\/wp-content\/uploads\/2023\/04\/Conditionneur-Precieux-Social-Image.jpg","type":"image\/jpeg"}],"twitter_card":"summary_large_image","twitter_title":"Conditionneur Pr\u00e9cieux Vegan - Figue de Barbarie & Argousier - Milla L.","twitter_description":"Le Conditionneur Pr\u00e9cieux : tirant le meilleur de la figue de Barbarie et de l'argousier, ce soin \u00e9mollient apporte \u00e9clat, souplesse et hydratation aux cheveux liss\u00e9s, tout en venant combler les micro-fissures en surface.","twitter_image":"https:\/\/millalprofessional.com\/wp-content\/uploads\/2023\/04\/Conditionneur-Precieux-Social-Image.jpg","twitter_misc":{"Est. reading time":"1 minute"},"schema":{"@context":"https:\/\/schema.org","@graph":[{"@type":"WebPage","@id":"https:\/\/millalprofessional.com\/produit\/conditionneur-precieux-figue-de-barbarie-argousier-vegan-care\/","url":"https:\/\/millalprofessional.com\/produit\/conditionneur-precieux-figue-de-barbarie-argousier-vegan-care\/","name":"Conditionneur Pr\u00e9cieux Vegan - Figue de Barbarie & Argousier","isPartOf":{"@id":"https:\/\/millalprofessional.com\/#website"},"primaryImageOfPage":{"@id":"https:\/\/millalprofessional.com\/produit\/conditionneur-precieux-figue-de-barbarie-argousier-vegan-care\/#primaryimage"},"image":{"@id":"https:\/\/millalprofessional.com\/produit\/conditionneur-precieux-figue-de-barbarie-argousier-vegan-care\/#primaryimage"},"thumbnailUrl":"https:\/\/millalprofessional.com\/wp-content\/uploads\/2023\/04\/conditionneur-vegan-care-milla-l-scaled.webp","datePublished":"2023-04-09T17:41:45+00:00","dateModified":"2025-08-29T23:23:32+00:00","description":"Conditionneur Vegan Care : hydrate, nourrit et lisse en profondeur pour des cheveux resplendissants. Profitez des bienfaits de la figue de Barbarie et de l'argousier","breadcrumb":{"@id":"https:\/\/millalprofessional.com\/produit\/conditionneur-precieux-figue-de-barbarie-argousier-vegan-care\/#breadcrumb"},"inLanguage":"ary","potentialAction":[{"@type":"ReadAction","target":["https:\/\/millalprofessional.com\/produit\/conditionneur-precieux-figue-de-barbarie-argousier-vegan-care\/"]}]},{"@type":"ImageObject","inLanguage":"ary","@id":"https:\/\/millalprofessional.com\/produit\/conditionneur-precieux-figue-de-barbarie-argousier-vegan-care\/#primaryimage","url":"https:\/\/millalprofessional.com\/wp-content\/uploads\/2023\/04\/conditionneur-vegan-care-milla-l-scaled.webp","contentUrl":"https:\/\/millalprofessional.com\/wp-content\/uploads\/2023\/04\/conditionneur-vegan-care-milla-l-scaled.webp","width":1707,"height":2560,"caption":"Hydratez\u00a0 vos cheveux liss\u00e9s gr\u00e2ce au Conditionneur Vegan Care"},{"@type":"BreadcrumbList","@id":"https:\/\/millalprofessional.com\/produit\/conditionneur-precieux-figue-de-barbarie-argousier-vegan-care\/#breadcrumb","itemListElement":[{"@type":"ListItem","position":1,"name":"Boutique","item":"https:\/\/millalprofessional.com\/boutique-soins-lissages\/"},{"@type":"ListItem","position":2,"name":"Conditionneur Pr\u00e9cieux Vegan Care \u2013 K\u00e9ratine V\u00e9g\u00e9tale \ud83c\udf3f"}]},{"@type":"WebSite","@id":"https:\/\/millalprofessional.com\/#website","url":"https:\/\/millalprofessional.com\/","name":"Milla L.","description":"Experts en Lissages Professionnels et Soins Lissants sur-mesure","publisher":{"@id":"https:\/\/millalprofessional.com\/#organization"},"potentialAction":[{"@type":"SearchAction","target":{"@type":"EntryPoint","urlTemplate":"https:\/\/millalprofessional.com\/?s={search_term_string}"},"query-input":{"@type":"PropertyValueSpecification","valueRequired":true,"valueName":"search_term_string"}}],"inLanguage":"ary"},{"@type":"Organization","@id":"https:\/\/millalprofessional.com\/#organization","name":"Milla L.","url":"https:\/\/millalprofessional.com\/","logo":{"@type":"ImageObject","inLanguage":"ary","@id":"https:\/\/millalprofessional.com\/#\/schema\/logo\/image\/","url":"https:\/\/millalprofessional.com\/wp-content\/uploads\/2023\/03\/Logo-Milla-L2_page-0002-scaled.jpg","contentUrl":"https:\/\/millalprofessional.com\/wp-content\/uploads\/2023\/03\/Logo-Milla-L2_page-0002-scaled.jpg","width":2560,"height":2560,"caption":"Milla L."},"image":{"@id":"https:\/\/millalprofessional.com\/#\/schema\/logo\/image\/"}}]}},"post_mailing_queue_ids":[],"_links":{"self":[{"href":"https:\/\/millalprofessional.com\/ar\/wp-json\/wp\/v2\/product\/3768","targetHints":{"allow":["GET"]}}],"collection":[{"href":"https:\/\/millalprofessional.com\/ar\/wp-json\/wp\/v2\/product"}],"about":[{"href":"https:\/\/millalprofessional.com\/ar\/wp-json\/wp\/v2\/types\/product"}],"replies":[{"embeddable":true,"href":"https:\/\/millalprofessional.com\/ar\/wp-json\/wp\/v2\/comments?post=3768"}],"version-history":[{"count":19,"href":"https:\/\/millalprofessional.com\/ar\/wp-json\/wp\/v2\/product\/3768\/revisions"}],"predecessor-version":[{"id":10633,"href":"https:\/\/millalprofessional.com\/ar\/wp-json\/wp\/v2\/product\/3768\/revisions\/10633"}],"wp:featuredmedia":[{"embeddable":true,"href":"https:\/\/millalprofessional.com\/ar\/wp-json\/wp\/v2\/media\/10563"}],"wp:attachment":[{"href":"https:\/\/millalprofessional.com\/ar\/wp-json\/wp\/v2\/media?parent=3768"}],"wp:term":[{"taxonomy":"type_de_traitement","embeddable":true,"href":"https:\/\/millalprofessional.com\/ar\/wp-json\/wp\/v2\/type_de_traitement?post=3768"},{"taxonomy":"product_brand","embeddable":true,"href":"https:\/\/millalprofessional.com\/ar\/wp-json\/wp\/v2\/product_brand?post=3768"},{"taxonomy":"product_cat","embeddable":true,"href":"https:\/\/millalprofessional.com\/ar\/wp-json\/wp\/v2\/product_cat?post=3768"},{"taxonomy":"product_tag","embeddable":true,"href":"https:\/\/millalprofessional.com\/ar\/wp-json\/wp\/v2\/product_tag?post=3768"}],"curies":[{"name":"wp","href":"https:\/\/api.w.org\/{rel}","templated":true}]}}