{"id":874,"date":"2021-05-02T04:46:44","date_gmt":"2021-05-02T03:46:44","guid":{"rendered":"https:\/\/firstsight.design\/levre\/mono\/?page_id=874"},"modified":"2025-01-20T11:08:02","modified_gmt":"2025-01-20T10:08:02","slug":"notre-histoire","status":"publish","type":"page","link":"https:\/\/millalprofessional.com\/ar\/notre-histoire\/","title":{"rendered":"\u0642\u0635\u062a\u0646\u0627"},"content":{"rendered":"<div data-elementor-type=\"wp-page\" data-elementor-id=\"874\" class=\"elementor elementor-874\">\n\t\t\t\t\t\t<section class=\"elementor-section elementor-top-section elementor-element elementor-element-9ec673c elementor-section-height-min-height elementor-section-full_width elementor-section-height-default elementor-section-items-middle\" data-id=\"9ec673c\" data-element_type=\"section\" data-settings=\"{&quot;background_background&quot;:&quot;classic&quot;}\">\n\t\t\t\t\t\t<div class=\"elementor-container elementor-column-gap-extended\">\n\t\t\t\t\t<div class=\"elementor-column elementor-col-100 elementor-top-column elementor-element elementor-element-ae7a27e\" data-id=\"ae7a27e\" data-element_type=\"column\">\n\t\t\t<div class=\"elementor-widget-wrap elementor-element-populated\">\n\t\t\t\t\t\t<section class=\"elementor-section elementor-inner-section elementor-element elementor-element-2027c18 elementor-section-boxed elementor-section-height-default elementor-section-height-default\" data-id=\"2027c18\" data-element_type=\"section\">\n\t\t\t\t\t\t<div class=\"elementor-container elementor-column-gap-default\">\n\t\t\t\t\t<div class=\"elementor-column elementor-col-100 elementor-inner-column elementor-element elementor-element-f1d2a37\" data-id=\"f1d2a37\" data-element_type=\"column\">\n\t\t\t<div class=\"elementor-widget-wrap elementor-element-populated\">\n\t\t\t\t\t\t<div class=\"elementor-element elementor-element-3a5f181 elementor-widget elementor-widget-heading\" data-id=\"3a5f181\" data-element_type=\"widget\" data-widget_type=\"heading.default\">\n\t\t\t\t<div class=\"elementor-widget-container\">\n\t\t\t\t\t<h1 class=\"elementor-heading-title elementor-size-default\">L'Origine d'une Passion<\/h1>\t\t\t\t<\/div>\n\t\t\t\t<\/div>\n\t\t\t\t<div class=\"elementor-element elementor-element-c577aca elementor-widget__width-initial elementor-widget elementor-widget-text-editor\" data-id=\"c577aca\" data-element_type=\"widget\" data-widget_type=\"text-editor.default\">\n\t\t\t\t<div class=\"elementor-widget-container\">\n\t\t\t\t\t\t\t\t\t<p>Notre aventure a commenc\u00e9 sous le ciel vibrant du Br\u00e9sil, o\u00f9 Mathilde, une globe-trotteuse fran\u00e7aise anim\u00e9e par la d\u00e9couverte, a rencontr\u00e9 Anitta, une experte br\u00e9silienne passionn\u00e9e par la cosm\u00e9tique capillaire. Leur rencontre a \u00e9t\u00e9 le point de d\u00e9part d&#8217;une mission : transformer la routine capillaire en une exp\u00e9rience de beaut\u00e9 et de bien-\u00eatre, gr\u00e2ce \u00e0 des produits innovants et respectueux.<\/p>\t\t\t\t\t\t\t\t<\/div>\n\t\t\t\t<\/div>\n\t\t\t\t\t<\/div>\n\t\t<\/div>\n\t\t\t\t\t<\/div>\n\t\t<\/section>\n\t\t        \t\t\t<\/div>\n\t\t<\/div>\n\t\t\t\t\t<\/div>\n\t\t<\/section>\n\t\t        \t\t<section class=\"elementor-section elementor-top-section elementor-element elementor-element-6dded2c elementor-section-content-middle elementor-section-boxed elementor-section-height-default elementor-section-height-default\" data-id=\"6dded2c\" data-element_type=\"section\" data-settings=\"{&quot;background_background&quot;:&quot;classic&quot;}\">\n\t\t\t\t\t\t<div class=\"elementor-container elementor-column-gap-extended\">\n\t\t\t\t\t<div class=\"elementor-column elementor-col-50 elementor-top-column elementor-element elementor-element-be730aa\" data-id=\"be730aa\" data-element_type=\"column\">\n\t\t\t<div class=\"elementor-widget-wrap elementor-element-populated\">\n\t\t\t\t\t\t<div class=\"elementor-element elementor-element-5bb4351 elementor-widget elementor-widget-image\" data-id=\"5bb4351\" data-element_type=\"widget\" data-widget_type=\"image.default\">\n\t\t\t\t<div class=\"elementor-widget-container\">\n\t\t\t\t\t\t\t\t\t\t\t\t\t\t\t<img fetchpriority=\"high\" decoding=\"async\" width=\"768\" height=\"512\" src=\"https:\/\/millalprofessional.com\/wp-content\/uploads\/2023\/04\/milla-l-histore-mathilde-et-anitta-768x512.jpg\" class=\"attachment-medium_large size-medium_large wp-image-3994\" alt=\"\" srcset=\"https:\/\/millalprofessional.com\/wp-content\/uploads\/2023\/04\/milla-l-histore-mathilde-et-anitta-768x512.jpg 768w, https:\/\/millalprofessional.com\/wp-content\/smush-webp\/2023\/04\/milla-l-histore-mathilde-et-anitta-300x200.jpg.webp 300w, https:\/\/millalprofessional.com\/wp-content\/smush-webp\/2023\/04\/milla-l-histore-mathilde-et-anitta-1024x683.jpg.webp 1024w, https:\/\/millalprofessional.com\/wp-content\/smush-webp\/2023\/04\/milla-l-histore-mathilde-et-anitta-1536x1024.jpg.webp 1536w, https:\/\/millalprofessional.com\/wp-content\/smush-webp\/2023\/04\/milla-l-histore-mathilde-et-anitta-2048x1366.jpg.webp 2048w, https:\/\/millalprofessional.com\/wp-content\/smush-webp\/2023\/04\/milla-l-histore-mathilde-et-anitta-540x360.jpg.webp 540w, https:\/\/millalprofessional.com\/wp-content\/uploads\/2023\/04\/milla-l-histore-mathilde-et-anitta-1440x960.jpg 1440w, https:\/\/millalprofessional.com\/wp-content\/smush-webp\/2023\/04\/milla-l-histore-mathilde-et-anitta-600x400.jpg.webp 600w\" sizes=\"(max-width: 768px) 100vw, 768px\" \/>\t\t\t\t\t\t\t\t\t\t\t\t\t\t\t<\/div>\n\t\t\t\t<\/div>\n\t\t\t\t\t<\/div>\n\t\t<\/div>\n\t\t\t\t<div class=\"elementor-column elementor-col-50 elementor-top-column elementor-element elementor-element-27cf718\" data-id=\"27cf718\" data-element_type=\"column\">\n\t\t\t<div class=\"elementor-widget-wrap elementor-element-populated\">\n\t\t\t\t\t\t<div class=\"elementor-element elementor-element-d0344bb elementor-widget elementor-widget-heading\" data-id=\"d0344bb\" data-element_type=\"widget\" data-widget_type=\"heading.default\">\n\t\t\t\t<div class=\"elementor-widget-container\">\n\t\t\t\t\t<h1 class=\"elementor-heading-title elementor-size-default\">Philosophie de Milla L.<\/h1>\t\t\t\t<\/div>\n\t\t\t\t<\/div>\n\t\t\t\t<div class=\"elementor-element elementor-element-3ca1253 elementor-widget elementor-widget-text-editor\" data-id=\"3ca1253\" data-element_type=\"widget\" data-widget_type=\"text-editor.default\">\n\t\t\t\t<div class=\"elementor-widget-container\">\n\t\t\t\t\t\t\t\t\t<p>Chez Milla L., nous croyons que chaque chevelure raconte une histoire unique. Notre philosophie est d&#8217;embrasser cette diversit\u00e9, en offrant des produits qui respectent et subliment la nature individuelle de chaque cheveu. Nous marions harmonieusement les bienfaits ancestraux de la nature avec les avanc\u00e9es de la science cosm\u00e9tique pour cr\u00e9er des soins capillaires qui ne se contentent pas de transformer, mais aussi de nourrir et de prot\u00e9ger.<\/p>\t\t\t\t\t\t\t\t<\/div>\n\t\t\t\t<\/div>\n\t\t\t\t\t<\/div>\n\t\t<\/div>\n\t\t\t\t\t<\/div>\n\t\t<\/section>\n\t\t        \t\t<section class=\"elementor-section elementor-top-section elementor-element elementor-element-5107763 elementor-section-content-middle elementor-section-boxed elementor-section-height-default elementor-section-height-default\" data-id=\"5107763\" data-element_type=\"section\" data-settings=\"{&quot;background_background&quot;:&quot;classic&quot;}\">\n\t\t\t\t\t\t<div class=\"elementor-container elementor-column-gap-extended\">\n\t\t\t\t\t<div class=\"elementor-column elementor-col-50 elementor-top-column elementor-element elementor-element-b271665\" data-id=\"b271665\" data-element_type=\"column\">\n\t\t\t<div class=\"elementor-widget-wrap elementor-element-populated\">\n\t\t\t\t\t\t<div class=\"elementor-element elementor-element-d155d4b elementor-widget elementor-widget-heading\" data-id=\"d155d4b\" data-element_type=\"widget\" data-widget_type=\"heading.default\">\n\t\t\t\t<div class=\"elementor-widget-container\">\n\t\t\t\t\t<h1 class=\"elementor-heading-title elementor-size-default\">La Qu\u00eate de l'Excellence\n<\/h1>\t\t\t\t<\/div>\n\t\t\t\t<\/div>\n\t\t\t\t<div class=\"elementor-element elementor-element-49e1085 elementor-widget elementor-widget-text-editor\" data-id=\"49e1085\" data-element_type=\"widget\" data-widget_type=\"text-editor.default\">\n\t\t\t\t<div class=\"elementor-widget-container\">\n\t\t\t\t\t\t\t\t\t<p>Guid\u00e9es par cette vision, Mathilde et Anitta ont parcouru le monde, de l&#8217;Asie au Maghreb, en qu\u00eate des secrets de beaut\u00e9 les plus gard\u00e9s. Elles ont d\u00e9couvert des ingr\u00e9dients naturels et des rituels qui ont inspir\u00e9 la cr\u00e9ation de nos gammes uniques.<\/p>\t\t\t\t\t\t\t\t<\/div>\n\t\t\t\t<\/div>\n\t\t\t\t\t<\/div>\n\t\t<\/div>\n\t\t\t\t<div class=\"elementor-column elementor-col-50 elementor-top-column elementor-element elementor-element-a5dc7d0\" data-id=\"a5dc7d0\" data-element_type=\"column\">\n\t\t\t<div class=\"elementor-widget-wrap elementor-element-populated\">\n\t\t\t\t\t\t<div class=\"elementor-element elementor-element-3b46e39 elementor-widget elementor-widget-image\" data-id=\"3b46e39\" data-element_type=\"widget\" data-widget_type=\"image.default\">\n\t\t\t\t<div class=\"elementor-widget-container\">\n\t\t\t\t\t\t\t\t\t\t\t\t\t\t\t<img decoding=\"async\" width=\"768\" height=\"509\" data-src=\"https:\/\/millalprofessional.com\/wp-content\/smush-webp\/2023\/04\/Un-binome-complementaire-768x509.jpg.webp\" class=\"attachment-medium_large size-medium_large wp-image-4001 lazyload\" alt=\"\" data-srcset=\"https:\/\/millalprofessional.com\/wp-content\/smush-webp\/2023\/04\/Un-binome-complementaire-768x509.jpg.webp 768w, https:\/\/millalprofessional.com\/wp-content\/smush-webp\/2023\/04\/Un-binome-complementaire-300x200.jpg.webp 300w, https:\/\/millalprofessional.com\/wp-content\/smush-webp\/2023\/04\/Un-binome-complementaire-1024x678.jpg.webp 1024w, https:\/\/millalprofessional.com\/wp-content\/smush-webp\/2023\/04\/Un-binome-complementaire-1536x1018.jpg.webp 1536w, https:\/\/millalprofessional.com\/wp-content\/smush-webp\/2023\/04\/Un-binome-complementaire-2048x1357.jpg.webp 2048w, https:\/\/millalprofessional.com\/wp-content\/smush-webp\/2023\/04\/Un-binome-complementaire-600x398.jpg.webp 600w\" data-sizes=\"(max-width: 768px) 100vw, 768px\" src=\"data:image\/gif;base64,R0lGODlhAQABAAAAACH5BAEKAAEALAAAAAABAAEAAAICTAEAOw==\" style=\"--smush-placeholder-width: 768px; --smush-placeholder-aspect-ratio: 768\/509;\" \/>\t\t\t\t\t\t\t\t\t\t\t\t\t\t\t<\/div>\n\t\t\t\t<\/div>\n\t\t\t\t\t<\/div>\n\t\t<\/div>\n\t\t\t\t\t<\/div>\n\t\t<\/section>\n\t\t        \t\t<section class=\"elementor-section elementor-top-section elementor-element elementor-element-b599429 elementor-section-boxed elementor-section-height-default elementor-section-height-default\" data-id=\"b599429\" data-element_type=\"section\" data-settings=\"{&quot;background_background&quot;:&quot;classic&quot;}\">\n\t\t\t\t\t\t\t<div class=\"elementor-background-overlay\"><\/div>\n\t\t\t\t\t\t\t<div class=\"elementor-container elementor-column-gap-default\">\n\t\t\t\t\t<div class=\"elementor-column elementor-col-100 elementor-top-column elementor-element elementor-element-5875784\" data-id=\"5875784\" data-element_type=\"column\">\n\t\t\t<div class=\"elementor-widget-wrap elementor-element-populated\">\n\t\t\t\t\t\t<section class=\"elementor-section elementor-inner-section elementor-element elementor-element-af16e97 elementor-section-boxed elementor-section-height-default elementor-section-height-default\" data-id=\"af16e97\" data-element_type=\"section\">\n\t\t\t\t\t\t<div class=\"elementor-container elementor-column-gap-default\">\n\t\t\t\t\t<div class=\"elementor-column elementor-col-100 elementor-inner-column elementor-element elementor-element-28bcd43\" data-id=\"28bcd43\" data-element_type=\"column\">\n\t\t\t<div class=\"elementor-widget-wrap elementor-element-populated\">\n\t\t\t\t\t\t<div class=\"elementor-element elementor-element-0a0146c elementor-widget elementor-widget-heading\" data-id=\"0a0146c\" data-element_type=\"widget\" data-widget_type=\"heading.default\">\n\t\t\t\t<div class=\"elementor-widget-container\">\n\t\t\t\t\t<h2 class=\"elementor-heading-title elementor-size-default\">Nos Produits Signature\n<\/h2>\t\t\t\t<\/div>\n\t\t\t\t<\/div>\n\t\t\t\t<div class=\"elementor-element elementor-element-9ae9243 elementor-widget elementor-widget-heading\" data-id=\"9ae9243\" data-element_type=\"widget\" data-widget_type=\"heading.default\">\n\t\t\t\t<div class=\"elementor-widget-container\">\n\t\t\t\t\t<p class=\"elementor-heading-title elementor-size-default\">Le r\u00e9sultat ? Des lignes de produits r\u00e9volutionnaires comme notre lissage br\u00e9silien, qui offre une transformation spectaculaire tout en pr\u00e9servant la sant\u00e9 du cheveu, ou nos soins volumateurs qui donnent vie aux chevelures les plus fines. Chaque produit de Milla L. est con\u00e7u pour r\u00e9pondre \u00e0 un besoin sp\u00e9cifique, de la revitalisation des boucles \u00e0 la protection contre les agressions quotidiennes.\n<\/p>\t\t\t\t<\/div>\n\t\t\t\t<\/div>\n\t\t\t\t\t<\/div>\n\t\t<\/div>\n\t\t\t\t\t<\/div>\n\t\t<\/section>\n\t\t        \t\t\t<\/div>\n\t\t<\/div>\n\t\t\t\t\t<\/div>\n\t\t<\/section>\n\t\t        \t\t<\/div>","protected":false},"excerpt":{"rendered":"<p>L&#8217;Origine d&#8217;une Passion Notre aventure a commenc\u00e9 sous le ciel vibrant du Br\u00e9sil, o\u00f9 Mathilde, une globe-trotteuse fran\u00e7aise anim\u00e9e par la d\u00e9couverte, a rencontr\u00e9 Anitta, une experte br\u00e9silienne passionn\u00e9e par la cosm\u00e9tique capillaire. Leur rencontre a \u00e9t\u00e9 le point de d\u00e9part d&#8217;une mission : transformer la routine capillaire en une exp\u00e9rience de beaut\u00e9 et de [&hellip;]<\/p>","protected":false},"author":2,"featured_media":0,"parent":0,"menu_order":0,"comment_status":"closed","ping_status":"closed","template":"","meta":{"_acf_changed":false,"iawp_total_views":309,"footnotes":""},"class_list":["post-874","page","type-page","status-publish","hentry"],"acf":[],"yoast_head":"<!-- This site is optimized with the Yoast SEO plugin v27.1.1 - https:\/\/yoast.com\/product\/yoast-seo-wordpress\/ -->\n<title>Notre Histoire - Milla L.<\/title>\n<meta name=\"robots\" content=\"index, follow, max-snippet:-1, max-image-preview:large, max-video-preview:-1\" \/>\n<link rel=\"canonical\" href=\"https:\/\/millalprofessional.com\/ar\/notre-histoire\/\" \/>\n<meta property=\"og:locale\" content=\"ar_AR\" \/>\n<meta property=\"og:type\" content=\"article\" \/>\n<meta property=\"og:title\" content=\"Notre Histoire - Milla L.\" \/>\n<meta property=\"og:description\" content=\"L&#8217;Origine d&#8217;une Passion Notre aventure a commenc\u00e9 sous le ciel vibrant du Br\u00e9sil, o\u00f9 Mathilde, une globe-trotteuse fran\u00e7aise anim\u00e9e par la d\u00e9couverte, a rencontr\u00e9 Anitta, une experte br\u00e9silienne passionn\u00e9e par la cosm\u00e9tique capillaire. Leur rencontre a \u00e9t\u00e9 le point de d\u00e9part d&#8217;une mission : transformer la routine capillaire en une exp\u00e9rience de beaut\u00e9 et de [&hellip;]\" \/>\n<meta property=\"og:url\" content=\"https:\/\/millalprofessional.com\/ar\/notre-histoire\/\" \/>\n<meta property=\"og:site_name\" content=\"Milla L.\" \/>\n<meta property=\"article:modified_time\" content=\"2025-01-20T10:08:02+00:00\" \/>\n<meta property=\"og:image\" content=\"http:\/\/millalprofessional.com\/wp-content\/uploads\/2023\/04\/milla-l-histore-mathilde-et-anitta-768x512.jpg\" \/>\n<meta name=\"twitter:card\" content=\"summary_large_image\" \/>\n<meta name=\"twitter:label1\" content=\"Est. reading time\" \/>\n\t<meta name=\"twitter:data1\" content=\"2 minutes\" \/>\n<script type=\"application\/ld+json\" class=\"yoast-schema-graph\">{\"@context\":\"https:\/\/schema.org\",\"@graph\":[{\"@type\":\"WebPage\",\"@id\":\"https:\/\/millalprofessional.com\/notre-histoire\/\",\"url\":\"https:\/\/millalprofessional.com\/notre-histoire\/\",\"name\":\"Notre Histoire - Milla L.\",\"isPartOf\":{\"@id\":\"https:\/\/millalprofessional.com\/#website\"},\"primaryImageOfPage\":{\"@id\":\"https:\/\/millalprofessional.com\/notre-histoire\/#primaryimage\"},\"image\":{\"@id\":\"https:\/\/millalprofessional.com\/notre-histoire\/#primaryimage\"},\"thumbnailUrl\":\"http:\/\/millalprofessional.com\/wp-content\/uploads\/2023\/04\/milla-l-histore-mathilde-et-anitta-768x512.jpg\",\"datePublished\":\"2021-05-02T03:46:44+00:00\",\"dateModified\":\"2025-01-20T10:08:02+00:00\",\"inLanguage\":\"ary\",\"potentialAction\":[{\"@type\":\"ReadAction\",\"target\":[\"https:\/\/millalprofessional.com\/notre-histoire\/\"]}]},{\"@type\":\"ImageObject\",\"inLanguage\":\"ary\",\"@id\":\"https:\/\/millalprofessional.com\/notre-histoire\/#primaryimage\",\"url\":\"http:\/\/millalprofessional.com\/wp-content\/uploads\/2023\/04\/milla-l-histore-mathilde-et-anitta-768x512.jpg\",\"contentUrl\":\"http:\/\/millalprofessional.com\/wp-content\/uploads\/2023\/04\/milla-l-histore-mathilde-et-anitta-768x512.jpg\"},{\"@type\":\"WebSite\",\"@id\":\"https:\/\/millalprofessional.com\/#website\",\"url\":\"https:\/\/millalprofessional.com\/\",\"name\":\"Milla L.\",\"description\":\" Experts en Lissages Professionnels et Soins Lissants sur-mesure\",\"publisher\":{\"@id\":\"https:\/\/millalprofessional.com\/#organization\"},\"potentialAction\":[{\"@type\":\"SearchAction\",\"target\":{\"@type\":\"EntryPoint\",\"urlTemplate\":\"https:\/\/millalprofessional.com\/?s={search_term_string}\"},\"query-input\":{\"@type\":\"PropertyValueSpecification\",\"valueRequired\":true,\"valueName\":\"search_term_string\"}}],\"inLanguage\":\"ary\"},{\"@type\":\"Organization\",\"@id\":\"https:\/\/millalprofessional.com\/#organization\",\"name\":\"Milla L.\",\"url\":\"https:\/\/millalprofessional.com\/\",\"logo\":{\"@type\":\"ImageObject\",\"inLanguage\":\"ary\",\"@id\":\"https:\/\/millalprofessional.com\/#\/schema\/logo\/image\/\",\"url\":\"https:\/\/millalprofessional.com\/wp-content\/uploads\/2023\/03\/Logo-Milla-L2_page-0002-scaled.jpg\",\"contentUrl\":\"https:\/\/millalprofessional.com\/wp-content\/uploads\/2023\/03\/Logo-Milla-L2_page-0002-scaled.jpg\",\"width\":2560,\"height\":2560,\"caption\":\"Milla L.\"},\"image\":{\"@id\":\"https:\/\/millalprofessional.com\/#\/schema\/logo\/image\/\"}}]}<\/script>\n<!-- \/ Yoast SEO plugin. -->","yoast_head_json":{"title":"Notre Histoire - Milla L.","robots":{"index":"index","follow":"follow","max-snippet":"max-snippet:-1","max-image-preview":"max-image-preview:large","max-video-preview":"max-video-preview:-1"},"canonical":"https:\/\/millalprofessional.com\/ar\/notre-histoire\/","og_locale":"ar_AR","og_type":"article","og_title":"Notre Histoire - Milla L.","og_description":"L&#8217;Origine d&#8217;une Passion Notre aventure a commenc\u00e9 sous le ciel vibrant du Br\u00e9sil, o\u00f9 Mathilde, une globe-trotteuse fran\u00e7aise anim\u00e9e par la d\u00e9couverte, a rencontr\u00e9 Anitta, une experte br\u00e9silienne passionn\u00e9e par la cosm\u00e9tique capillaire. Leur rencontre a \u00e9t\u00e9 le point de d\u00e9part d&#8217;une mission : transformer la routine capillaire en une exp\u00e9rience de beaut\u00e9 et de [&hellip;]","og_url":"https:\/\/millalprofessional.com\/ar\/notre-histoire\/","og_site_name":"Milla L.","article_modified_time":"2025-01-20T10:08:02+00:00","og_image":[{"url":"http:\/\/millalprofessional.com\/wp-content\/uploads\/2023\/04\/milla-l-histore-mathilde-et-anitta-768x512.jpg","type":"","width":"","height":""}],"twitter_card":"summary_large_image","twitter_misc":{"Est. reading time":"2 minutes"},"schema":{"@context":"https:\/\/schema.org","@graph":[{"@type":"WebPage","@id":"https:\/\/millalprofessional.com\/notre-histoire\/","url":"https:\/\/millalprofessional.com\/notre-histoire\/","name":"Notre Histoire - Milla L.","isPartOf":{"@id":"https:\/\/millalprofessional.com\/#website"},"primaryImageOfPage":{"@id":"https:\/\/millalprofessional.com\/notre-histoire\/#primaryimage"},"image":{"@id":"https:\/\/millalprofessional.com\/notre-histoire\/#primaryimage"},"thumbnailUrl":"http:\/\/millalprofessional.com\/wp-content\/uploads\/2023\/04\/milla-l-histore-mathilde-et-anitta-768x512.jpg","datePublished":"2021-05-02T03:46:44+00:00","dateModified":"2025-01-20T10:08:02+00:00","inLanguage":"ary","potentialAction":[{"@type":"ReadAction","target":["https:\/\/millalprofessional.com\/notre-histoire\/"]}]},{"@type":"ImageObject","inLanguage":"ary","@id":"https:\/\/millalprofessional.com\/notre-histoire\/#primaryimage","url":"http:\/\/millalprofessional.com\/wp-content\/uploads\/2023\/04\/milla-l-histore-mathilde-et-anitta-768x512.jpg","contentUrl":"http:\/\/millalprofessional.com\/wp-content\/uploads\/2023\/04\/milla-l-histore-mathilde-et-anitta-768x512.jpg"},{"@type":"WebSite","@id":"https:\/\/millalprofessional.com\/#website","url":"https:\/\/millalprofessional.com\/","name":"Milla L.","description":"Experts en Lissages Professionnels et Soins Lissants sur-mesure","publisher":{"@id":"https:\/\/millalprofessional.com\/#organization"},"potentialAction":[{"@type":"SearchAction","target":{"@type":"EntryPoint","urlTemplate":"https:\/\/millalprofessional.com\/?s={search_term_string}"},"query-input":{"@type":"PropertyValueSpecification","valueRequired":true,"valueName":"search_term_string"}}],"inLanguage":"ary"},{"@type":"Organization","@id":"https:\/\/millalprofessional.com\/#organization","name":"Milla L.","url":"https:\/\/millalprofessional.com\/","logo":{"@type":"ImageObject","inLanguage":"ary","@id":"https:\/\/millalprofessional.com\/#\/schema\/logo\/image\/","url":"https:\/\/millalprofessional.com\/wp-content\/uploads\/2023\/03\/Logo-Milla-L2_page-0002-scaled.jpg","contentUrl":"https:\/\/millalprofessional.com\/wp-content\/uploads\/2023\/03\/Logo-Milla-L2_page-0002-scaled.jpg","width":2560,"height":2560,"caption":"Milla L."},"image":{"@id":"https:\/\/millalprofessional.com\/#\/schema\/logo\/image\/"}}]}},"post_mailing_queue_ids":[],"_links":{"self":[{"href":"https:\/\/millalprofessional.com\/ar\/wp-json\/wp\/v2\/pages\/874","targetHints":{"allow":["GET"]}}],"collection":[{"href":"https:\/\/millalprofessional.com\/ar\/wp-json\/wp\/v2\/pages"}],"about":[{"href":"https:\/\/millalprofessional.com\/ar\/wp-json\/wp\/v2\/types\/page"}],"author":[{"embeddable":true,"href":"https:\/\/millalprofessional.com\/ar\/wp-json\/wp\/v2\/users\/2"}],"replies":[{"embeddable":true,"href":"https:\/\/millalprofessional.com\/ar\/wp-json\/wp\/v2\/comments?post=874"}],"version-history":[{"count":1,"href":"https:\/\/millalprofessional.com\/ar\/wp-json\/wp\/v2\/pages\/874\/revisions"}],"predecessor-version":[{"id":10478,"href":"https:\/\/millalprofessional.com\/ar\/wp-json\/wp\/v2\/pages\/874\/revisions\/10478"}],"wp:attachment":[{"href":"https:\/\/millalprofessional.com\/ar\/wp-json\/wp\/v2\/media?parent=874"}],"curies":[{"name":"wp","href":"https:\/\/api.w.org\/{rel}","templated":true}]}}