{"id":528,"date":"2021-04-27T21:48:14","date_gmt":"2021-04-27T21:48:14","guid":{"rendered":"https:\/\/firstsight.design\/levre\/mono\/?page_id=528"},"modified":"2024-05-29T22:35:47","modified_gmt":"2024-05-29T20:35:47","slug":"conditions-generales","status":"publish","type":"page","link":"https:\/\/millalprofessional.com\/ar\/conditions-generales\/","title":{"rendered":"Conditions g\u00e9n\u00e9rales d&#8217;utilisation"},"content":{"rendered":"<div data-elementor-type=\"wp-page\" data-elementor-id=\"528\" class=\"elementor elementor-528\">\n\t\t\t\t\t\t<section class=\"elementor-section elementor-top-section elementor-element elementor-element-b5a75e8 elementor-section-height-min-height elementor-section-full_width elementor-section-height-default elementor-section-items-middle\" data-id=\"b5a75e8\" data-element_type=\"section\" data-e-type=\"section\" data-settings=\"{&quot;background_background&quot;:&quot;classic&quot;}\">\n\t\t\t\t\t\t<div class=\"elementor-container elementor-column-gap-extended\">\n\t\t\t\t\t<div class=\"elementor-column elementor-col-100 elementor-top-column elementor-element elementor-element-375f115\" data-id=\"375f115\" data-element_type=\"column\" data-e-type=\"column\">\n\t\t\t<div class=\"elementor-widget-wrap elementor-element-populated\">\n\t\t\t\t\t\t<section class=\"elementor-section elementor-inner-section elementor-element elementor-element-394c8c4 elementor-section-boxed elementor-section-height-default elementor-section-height-default\" data-id=\"394c8c4\" data-element_type=\"section\" data-e-type=\"section\">\n\t\t\t\t\t\t<div class=\"elementor-container elementor-column-gap-default\">\n\t\t\t\t\t<div class=\"elementor-column elementor-col-100 elementor-inner-column elementor-element elementor-element-f70effb\" data-id=\"f70effb\" data-element_type=\"column\" data-e-type=\"column\">\n\t\t\t<div class=\"elementor-widget-wrap elementor-element-populated\">\n\t\t\t\t\t\t<div class=\"elementor-element elementor-element-6c301fd elementor-widget elementor-widget-heading\" data-id=\"6c301fd\" data-element_type=\"widget\" data-e-type=\"widget\" data-widget_type=\"heading.default\">\n\t\t\t\t<div class=\"elementor-widget-container\">\n\t\t\t\t\t<h1 class=\"elementor-heading-title elementor-size-default\">Conditions g\u00e9n\u00e9rales d'utilisation<\/h1>\t\t\t\t<\/div>\n\t\t\t\t<\/div>\n\t\t\t\t\t<\/div>\n\t\t<\/div>\n\t\t\t\t\t<\/div>\n\t\t<\/section>\n\t\t        \t\t\t<\/div>\n\t\t<\/div>\n\t\t\t\t\t<\/div>\n\t\t<\/section>\n\t\t        \t\t<section class=\"elementor-section elementor-top-section elementor-element elementor-element-b8213db elementor-section-boxed elementor-section-height-default elementor-section-height-default\" data-id=\"b8213db\" data-element_type=\"section\" data-e-type=\"section\">\n\t\t\t\t\t\t<div class=\"elementor-container elementor-column-gap-extended\">\n\t\t\t\t\t<div class=\"elementor-column elementor-col-100 elementor-top-column elementor-element elementor-element-d0dc2f7\" data-id=\"d0dc2f7\" data-element_type=\"column\" data-e-type=\"column\">\n\t\t\t<div class=\"elementor-widget-wrap elementor-element-populated\">\n\t\t\t\t\t\t<div class=\"elementor-element elementor-element-c471ab5 elementor-widget elementor-widget-heading\" data-id=\"c471ab5\" data-element_type=\"widget\" data-e-type=\"widget\" data-widget_type=\"heading.default\">\n\t\t\t\t<div class=\"elementor-widget-container\">\n\t\t\t\t\t<h3 class=\"elementor-heading-title elementor-size-default\">Derni\u00e8re mise \u00e0 jour : 1er novembre 2023<\/h3>\t\t\t\t<\/div>\n\t\t\t\t<\/div>\n\t\t\t\t<div class=\"elementor-element elementor-element-846e3b3 elementor-widget elementor-widget-text-editor\" data-id=\"846e3b3\" data-element_type=\"widget\" data-e-type=\"widget\" data-widget_type=\"text-editor.default\">\n\t\t\t\t<div class=\"elementor-widget-container\">\n\t\t\t\t\t\t\t\t\t<p>Veuillez lire attentivement les pr\u00e9sentes conditions d&#8217;utilisation (&#8220;Conditions&#8221;, &#8220;Conditions d&#8217;utilisation&#8221;) avant d&#8217;utiliser le site web www.millalprofessional.com (le &#8220;Service&#8221;) exploit\u00e9 par Milla L Professional. (&#8220;nous&#8221;, &#8220;nous&#8221; ou &#8220;notre&#8221;).<br \/>Votre acc\u00e8s et votre utilisation du service sont conditionn\u00e9s par votre acceptation et votre respect des pr\u00e9sentes conditions. Ces conditions s&#8217;appliquent \u00e0 tous les visiteurs, utilisateurs et autres personnes qui souhaitent acc\u00e9der au service ou l&#8217;utiliser.<br \/>En acc\u00e9dant au service ou en l&#8217;utilisant, vous acceptez d&#8217;\u00eatre li\u00e9 par les pr\u00e9sentes conditions. Si vous n&#8217;\u00eates pas d&#8217;accord avec une quelconque partie des conditions, vous n&#8217;\u00eates pas autoris\u00e9 \u00e0 acc\u00e9der au service.<\/p>\t\t\t\t\t\t\t\t<\/div>\n\t\t\t\t<\/div>\n\t\t\t\t<div class=\"elementor-element elementor-element-035e9e5 elementor-widget elementor-widget-heading\" data-id=\"035e9e5\" data-element_type=\"widget\" data-e-type=\"widget\" data-widget_type=\"heading.default\">\n\t\t\t\t<div class=\"elementor-widget-container\">\n\t\t\t\t\t<h3 class=\"elementor-heading-title elementor-size-default\">Communications<\/h3>\t\t\t\t<\/div>\n\t\t\t\t<\/div>\n\t\t\t\t<div class=\"elementor-element elementor-element-13ce9b8 elementor-widget elementor-widget-text-editor\" data-id=\"13ce9b8\" data-element_type=\"widget\" data-e-type=\"widget\" data-widget_type=\"text-editor.default\">\n\t\t\t\t<div class=\"elementor-widget-container\">\n\t\t\t\t\t\t\t\t\t<p>En cr\u00e9ant un compte sur notre service, vous acceptez de vous abonner aux lettres d&#8217;information, aux documents marketing ou promotionnels et aux autres informations que nous pouvons vous envoyer. Toutefois, vous pouvez refuser de recevoir tout ou partie de ces communications en suivant le lien de d\u00e9sabonnement ou les instructions fournies dans les courriels que nous envoyons.<\/p>\t\t\t\t\t\t\t\t<\/div>\n\t\t\t\t<\/div>\n\t\t\t\t<div class=\"elementor-element elementor-element-89caafe elementor-widget elementor-widget-heading\" data-id=\"89caafe\" data-element_type=\"widget\" data-e-type=\"widget\" data-widget_type=\"heading.default\">\n\t\t\t\t<div class=\"elementor-widget-container\">\n\t\t\t\t\t<h3 class=\"elementor-heading-title elementor-size-default\">Achats<\/h3>\t\t\t\t<\/div>\n\t\t\t\t<\/div>\n\t\t\t\t<div class=\"elementor-element elementor-element-3e698dd elementor-widget elementor-widget-text-editor\" data-id=\"3e698dd\" data-element_type=\"widget\" data-e-type=\"widget\" data-widget_type=\"text-editor.default\">\n\t\t\t\t<div class=\"elementor-widget-container\">\n\t\t\t\t\t\t\t\t\t<p>En cr\u00e9ant un compte sur notre service, vous acceptez de vous abonner aux lettres d&#8217;information, aux documents marketing ou promotionnels et aux autres informations que nous pouvons vous envoyer. Toutefois, vous pouvez choisir de ne plus recevoir tout ou partie de ces communications en suivant le lien de d\u00e9sabonnement ou les instructions fournies dans les courriels que nous envoyons.<\/p>\t\t\t\t\t\t\t\t<\/div>\n\t\t\t\t<\/div>\n\t\t\t\t<div class=\"elementor-element elementor-element-87ee230 elementor-widget elementor-widget-heading\" data-id=\"87ee230\" data-element_type=\"widget\" data-e-type=\"widget\" data-widget_type=\"heading.default\">\n\t\t\t\t<div class=\"elementor-widget-container\">\n\t\t\t\t\t<h3 class=\"elementor-heading-title elementor-size-default\">Modifications de la redevance<\/h3>\t\t\t\t<\/div>\n\t\t\t\t<\/div>\n\t\t\t\t<div class=\"elementor-element elementor-element-a998081 elementor-widget elementor-widget-text-editor\" data-id=\"a998081\" data-element_type=\"widget\" data-e-type=\"widget\" data-widget_type=\"text-editor.default\">\n\t\t\t\t<div class=\"elementor-widget-container\">\n\t\t\t\t\t\t\t\t\t<p>En cr\u00e9ant un compte sur notre service, vous acceptez de vous abonner aux lettres d&#8217;information, aux documents marketing ou promotionnels et aux autres informations que nous pouvons vous envoyer. Toutefois, vous pouvez refuser de recevoir tout ou partie de ces communications en suivant le lien de d\u00e9sabonnement ou les instructions fournies dans les courriels que nous envoyons.<\/p>\t\t\t\t\t\t\t\t<\/div>\n\t\t\t\t<\/div>\n\t\t\t\t\t<\/div>\n\t\t<\/div>\n\t\t\t\t\t<\/div>\n\t\t<\/section>\n\t\t        \t\t<\/div>","protected":false},"excerpt":{"rendered":"<p>Conditions g\u00e9n\u00e9rales d&#8217;utilisation Derni\u00e8re mise \u00e0 jour : 1er novembre 2023 Veuillez lire attentivement les pr\u00e9sentes conditions d&#8217;utilisation (&#8220;Conditions&#8221;, &#8220;Conditions d&#8217;utilisation&#8221;) avant d&#8217;utiliser le site web www.millalprofessional.com (le &#8220;Service&#8221;) exploit\u00e9 par Milla L Professional. (&#8220;nous&#8221;, &#8220;nous&#8221; ou &#8220;notre&#8221;).Votre acc\u00e8s et votre utilisation du service sont conditionn\u00e9s par votre acceptation et votre respect des pr\u00e9sentes conditions. [&hellip;]<\/p>","protected":false},"author":2,"featured_media":0,"parent":0,"menu_order":0,"comment_status":"closed","ping_status":"closed","template":"","meta":{"_acf_changed":false,"iawp_total_views":0,"footnotes":""},"class_list":["post-528","page","type-page","status-publish","hentry"],"acf":[],"yoast_head":"<!-- This site is optimized with the Yoast SEO plugin v27.4 - https:\/\/yoast.com\/product\/yoast-seo-wordpress\/ -->\n<title>Conditions g\u00e9n\u00e9rales d&#039;utilisation - Milla L.<\/title>\n<meta name=\"robots\" content=\"index, follow, max-snippet:-1, max-image-preview:large, max-video-preview:-1\" \/>\n<link rel=\"canonical\" href=\"https:\/\/millalprofessional.com\/ar\/conditions-generales\/\" \/>\n<meta property=\"og:locale\" content=\"ar_AR\" \/>\n<meta property=\"og:type\" content=\"article\" \/>\n<meta property=\"og:title\" content=\"Conditions g\u00e9n\u00e9rales d&#039;utilisation - Milla L.\" \/>\n<meta property=\"og:description\" content=\"Conditions g\u00e9n\u00e9rales d&#8217;utilisation Derni\u00e8re mise \u00e0 jour : 1er novembre 2023 Veuillez lire attentivement les pr\u00e9sentes conditions d&#8217;utilisation (&#8220;Conditions&#8221;, &#8220;Conditions d&#8217;utilisation&#8221;) avant d&#8217;utiliser le site web www.millalprofessional.com (le &#8220;Service&#8221;) exploit\u00e9 par Milla L Professional. (&#8220;nous&#8221;, &#8220;nous&#8221; ou &#8220;notre&#8221;).Votre acc\u00e8s et votre utilisation du service sont conditionn\u00e9s par votre acceptation et votre respect des pr\u00e9sentes conditions. [&hellip;]\" \/>\n<meta property=\"og:url\" content=\"https:\/\/millalprofessional.com\/ar\/conditions-generales\/\" \/>\n<meta property=\"og:site_name\" content=\"Milla L.\" \/>\n<meta property=\"article:modified_time\" content=\"2024-05-29T20:35:47+00:00\" \/>\n<meta name=\"twitter:card\" content=\"summary_large_image\" \/>\n<meta name=\"twitter:label1\" content=\"Est. reading time\" \/>\n\t<meta name=\"twitter:data1\" content=\"2 minutes\" \/>\n<script type=\"application\/ld+json\" class=\"yoast-schema-graph\">{\"@context\":\"https:\\\/\\\/schema.org\",\"@graph\":[{\"@type\":\"WebPage\",\"@id\":\"https:\\\/\\\/millalprofessional.com\\\/conditions-generales\\\/\",\"url\":\"https:\\\/\\\/millalprofessional.com\\\/conditions-generales\\\/\",\"name\":\"Conditions g\u00e9n\u00e9rales d'utilisation - Milla L.\",\"isPartOf\":{\"@id\":\"https:\\\/\\\/millalprofessional.com\\\/#website\"},\"datePublished\":\"2021-04-27T21:48:14+00:00\",\"dateModified\":\"2024-05-29T20:35:47+00:00\",\"inLanguage\":\"ary\",\"potentialAction\":[{\"@type\":\"ReadAction\",\"target\":[\"https:\\\/\\\/millalprofessional.com\\\/conditions-generales\\\/\"]}]},{\"@type\":\"WebSite\",\"@id\":\"https:\\\/\\\/millalprofessional.com\\\/#website\",\"url\":\"https:\\\/\\\/millalprofessional.com\\\/\",\"name\":\"Milla L.\",\"description\":\" Experts en Lissages Professionnels et Soins Lissants sur-mesure\",\"publisher\":{\"@id\":\"https:\\\/\\\/millalprofessional.com\\\/#organization\"},\"potentialAction\":[{\"@type\":\"SearchAction\",\"target\":{\"@type\":\"EntryPoint\",\"urlTemplate\":\"https:\\\/\\\/millalprofessional.com\\\/?s={search_term_string}\"},\"query-input\":{\"@type\":\"PropertyValueSpecification\",\"valueRequired\":true,\"valueName\":\"search_term_string\"}}],\"inLanguage\":\"ary\"},{\"@type\":\"Organization\",\"@id\":\"https:\\\/\\\/millalprofessional.com\\\/#organization\",\"name\":\"Milla L.\",\"url\":\"https:\\\/\\\/millalprofessional.com\\\/\",\"logo\":{\"@type\":\"ImageObject\",\"inLanguage\":\"ary\",\"@id\":\"https:\\\/\\\/millalprofessional.com\\\/#\\\/schema\\\/logo\\\/image\\\/\",\"url\":\"https:\\\/\\\/millalprofessional.com\\\/wp-content\\\/uploads\\\/2023\\\/03\\\/Logo-Milla-L2_page-0002-scaled.jpg\",\"contentUrl\":\"https:\\\/\\\/millalprofessional.com\\\/wp-content\\\/uploads\\\/2023\\\/03\\\/Logo-Milla-L2_page-0002-scaled.jpg\",\"width\":2560,\"height\":2560,\"caption\":\"Milla L.\"},\"image\":{\"@id\":\"https:\\\/\\\/millalprofessional.com\\\/#\\\/schema\\\/logo\\\/image\\\/\"}}]}<\/script>\n<!-- \/ Yoast SEO plugin. -->","yoast_head_json":{"title":"Conditions g\u00e9n\u00e9rales d'utilisation - Milla L.","robots":{"index":"index","follow":"follow","max-snippet":"max-snippet:-1","max-image-preview":"max-image-preview:large","max-video-preview":"max-video-preview:-1"},"canonical":"https:\/\/millalprofessional.com\/ar\/conditions-generales\/","og_locale":"ar_AR","og_type":"article","og_title":"Conditions g\u00e9n\u00e9rales d'utilisation - Milla L.","og_description":"Conditions g\u00e9n\u00e9rales d&#8217;utilisation Derni\u00e8re mise \u00e0 jour : 1er novembre 2023 Veuillez lire attentivement les pr\u00e9sentes conditions d&#8217;utilisation (&#8220;Conditions&#8221;, &#8220;Conditions d&#8217;utilisation&#8221;) avant d&#8217;utiliser le site web www.millalprofessional.com (le &#8220;Service&#8221;) exploit\u00e9 par Milla L Professional. (&#8220;nous&#8221;, &#8220;nous&#8221; ou &#8220;notre&#8221;).Votre acc\u00e8s et votre utilisation du service sont conditionn\u00e9s par votre acceptation et votre respect des pr\u00e9sentes conditions. [&hellip;]","og_url":"https:\/\/millalprofessional.com\/ar\/conditions-generales\/","og_site_name":"Milla L.","article_modified_time":"2024-05-29T20:35:47+00:00","twitter_card":"summary_large_image","twitter_misc":{"Est. reading time":"2 minutes"},"schema":{"@context":"https:\/\/schema.org","@graph":[{"@type":"WebPage","@id":"https:\/\/millalprofessional.com\/conditions-generales\/","url":"https:\/\/millalprofessional.com\/conditions-generales\/","name":"Conditions g\u00e9n\u00e9rales d'utilisation - Milla L.","isPartOf":{"@id":"https:\/\/millalprofessional.com\/#website"},"datePublished":"2021-04-27T21:48:14+00:00","dateModified":"2024-05-29T20:35:47+00:00","inLanguage":"ary","potentialAction":[{"@type":"ReadAction","target":["https:\/\/millalprofessional.com\/conditions-generales\/"]}]},{"@type":"WebSite","@id":"https:\/\/millalprofessional.com\/#website","url":"https:\/\/millalprofessional.com\/","name":"Milla L.","description":"Experts en Lissages Professionnels et Soins Lissants sur-mesure","publisher":{"@id":"https:\/\/millalprofessional.com\/#organization"},"potentialAction":[{"@type":"SearchAction","target":{"@type":"EntryPoint","urlTemplate":"https:\/\/millalprofessional.com\/?s={search_term_string}"},"query-input":{"@type":"PropertyValueSpecification","valueRequired":true,"valueName":"search_term_string"}}],"inLanguage":"ary"},{"@type":"Organization","@id":"https:\/\/millalprofessional.com\/#organization","name":"Milla L.","url":"https:\/\/millalprofessional.com\/","logo":{"@type":"ImageObject","inLanguage":"ary","@id":"https:\/\/millalprofessional.com\/#\/schema\/logo\/image\/","url":"https:\/\/millalprofessional.com\/wp-content\/uploads\/2023\/03\/Logo-Milla-L2_page-0002-scaled.jpg","contentUrl":"https:\/\/millalprofessional.com\/wp-content\/uploads\/2023\/03\/Logo-Milla-L2_page-0002-scaled.jpg","width":2560,"height":2560,"caption":"Milla L."},"image":{"@id":"https:\/\/millalprofessional.com\/#\/schema\/logo\/image\/"}}]}},"post_mailing_queue_ids":[],"_links":{"self":[{"href":"https:\/\/millalprofessional.com\/ar\/wp-json\/wp\/v2\/pages\/528","targetHints":{"allow":["GET"]}}],"collection":[{"href":"https:\/\/millalprofessional.com\/ar\/wp-json\/wp\/v2\/pages"}],"about":[{"href":"https:\/\/millalprofessional.com\/ar\/wp-json\/wp\/v2\/types\/page"}],"author":[{"embeddable":true,"href":"https:\/\/millalprofessional.com\/ar\/wp-json\/wp\/v2\/users\/2"}],"replies":[{"embeddable":true,"href":"https:\/\/millalprofessional.com\/ar\/wp-json\/wp\/v2\/comments?post=528"}],"version-history":[{"count":9,"href":"https:\/\/millalprofessional.com\/ar\/wp-json\/wp\/v2\/pages\/528\/revisions"}],"predecessor-version":[{"id":8664,"href":"https:\/\/millalprofessional.com\/ar\/wp-json\/wp\/v2\/pages\/528\/revisions\/8664"}],"wp:attachment":[{"href":"https:\/\/millalprofessional.com\/ar\/wp-json\/wp\/v2\/media?parent=528"}],"curies":[{"name":"wp","href":"https:\/\/api.w.org\/{rel}","templated":true}]}}